{"id":1875,"date":"2022-10-11T16:00:02","date_gmt":"2022-10-11T19:00:02","guid":{"rendered":"https:\/\/casaarmani.mateusjiorgines.com.br\/?page_id=1875"},"modified":"2022-10-11T16:00:02","modified_gmt":"2022-10-11T19:00:02","slug":"tubo-de-dreno","status":"publish","type":"page","link":"https:\/\/casaarmani.com.br\/index.php\/sistemas-de-drenagem\/tubo-de-dreno\/","title":{"rendered":"tubo de dreno"},"content":{"rendered":"\t\t<div data-elementor-type=\"wp-page\" data-elementor-id=\"1875\" class=\"elementor elementor-1875\" data-elementor-post-type=\"page\">\n\t\t\t\t\t\t<section class=\"elementor-section elementor-top-section elementor-element elementor-element-a1617ae elementor-section-full_width elementor-section-content-middle elementor-section-height-default elementor-section-height-default\" data-id=\"a1617ae\" data-element_type=\"section\" data-e-type=\"section\" data-settings=\"{&quot;background_background&quot;:&quot;classic&quot;}\">\n\t\t\t\t\t\t<div class=\"elementor-container elementor-column-gap-no\">\n\t\t\t\t\t<div class=\"elementor-column elementor-col-33 elementor-top-column elementor-element elementor-element-2bada97\" data-id=\"2bada97\" data-element_type=\"column\" data-e-type=\"column\">\n\t\t\t<div class=\"elementor-widget-wrap elementor-element-populated\">\n\t\t\t\t\t\t<div class=\"elementor-element elementor-element-e5b294d elementor-invisible elementor-widget elementor-widget-image\" data-id=\"e5b294d\" data-element_type=\"widget\" data-e-type=\"widget\" data-settings=\"{&quot;_animation&quot;:&quot;fadeInLeft&quot;}\" data-widget_type=\"image.default\">\n\t\t\t\t<div class=\"elementor-widget-container\">\n\t\t\t\t\t\t\t\t\t\t\t\t\t\t\t<img decoding=\"async\" width=\"419\" height=\"5\" src=\"https:\/\/casaarmani.com.br\/wp-content\/uploads\/2022\/09\/BARRA-COM-PONTO-ESQUERDA-copiar.png\" class=\"attachment-full size-full wp-image-62\" alt=\"\" srcset=\"https:\/\/casaarmani.com.br\/wp-content\/uploads\/2022\/09\/BARRA-COM-PONTO-ESQUERDA-copiar.png 419w, https:\/\/casaarmani.com.br\/wp-content\/uploads\/2022\/09\/BARRA-COM-PONTO-ESQUERDA-copiar-300x4.png 300w\" sizes=\"(max-width: 419px) 100vw, 419px\" \/>\t\t\t\t\t\t\t\t\t\t\t\t\t\t\t<\/div>\n\t\t\t\t<\/div>\n\t\t\t\t\t<\/div>\n\t\t<\/div>\n\t\t\t\t<div class=\"elementor-column elementor-col-33 elementor-top-column elementor-element elementor-element-0925078\" data-id=\"0925078\" data-element_type=\"column\" data-e-type=\"column\">\n\t\t\t<div class=\"elementor-widget-wrap elementor-element-populated\">\n\t\t\t\t\t\t<div class=\"elementor-element elementor-element-a4e1dc9 elementor-invisible elementor-widget elementor-widget-heading\" data-id=\"a4e1dc9\" data-element_type=\"widget\" data-e-type=\"widget\" data-settings=\"{&quot;_animation&quot;:&quot;fadeInUp&quot;}\" data-widget_type=\"heading.default\">\n\t\t\t\t<div class=\"elementor-widget-container\">\n\t\t\t\t\t<h2 class=\"elementor-heading-title elementor-size-default\">Tubo de Dreno<\/h2>\t\t\t\t<\/div>\n\t\t\t\t<\/div>\n\t\t\t\t\t<\/div>\n\t\t<\/div>\n\t\t\t\t<div class=\"elementor-column elementor-col-33 elementor-top-column elementor-element elementor-element-7ef327a\" data-id=\"7ef327a\" data-element_type=\"column\" data-e-type=\"column\">\n\t\t\t<div class=\"elementor-widget-wrap elementor-element-populated\">\n\t\t\t\t\t\t<div class=\"elementor-element elementor-element-43fae93 elementor-invisible elementor-widget elementor-widget-image\" data-id=\"43fae93\" data-element_type=\"widget\" data-e-type=\"widget\" data-settings=\"{&quot;_animation&quot;:&quot;fadeInRight&quot;}\" data-widget_type=\"image.default\">\n\t\t\t\t<div class=\"elementor-widget-container\">\n\t\t\t\t\t\t\t\t\t\t\t\t\t\t\t<img decoding=\"async\" width=\"419\" height=\"5\" src=\"https:\/\/casaarmani.com.br\/wp-content\/uploads\/2022\/09\/BARRA-COM-PONTO-DIREITA-copiar.png\" class=\"attachment-full size-full wp-image-61\" alt=\"\" srcset=\"https:\/\/casaarmani.com.br\/wp-content\/uploads\/2022\/09\/BARRA-COM-PONTO-DIREITA-copiar.png 419w, https:\/\/casaarmani.com.br\/wp-content\/uploads\/2022\/09\/BARRA-COM-PONTO-DIREITA-copiar-300x4.png 300w\" sizes=\"(max-width: 419px) 100vw, 419px\" \/>\t\t\t\t\t\t\t\t\t\t\t\t\t\t\t<\/div>\n\t\t\t\t<\/div>\n\t\t\t\t\t<\/div>\n\t\t<\/div>\n\t\t\t\t\t<\/div>\n\t\t<\/section>\n\t\t\t\t<section class=\"elementor-section elementor-top-section elementor-element elementor-element-874ba9d elementor-section-content-middle elementor-section-boxed elementor-section-height-default elementor-section-height-default\" data-id=\"874ba9d\" data-element_type=\"section\" data-e-type=\"section\">\n\t\t\t\t\t\t<div class=\"elementor-container elementor-column-gap-default\">\n\t\t\t\t\t<div class=\"elementor-column elementor-col-50 elementor-top-column elementor-element elementor-element-2144911\" data-id=\"2144911\" data-element_type=\"column\" data-e-type=\"column\" data-settings=\"{&quot;background_background&quot;:&quot;classic&quot;,&quot;motion_fx_motion_fx_scrolling&quot;:&quot;yes&quot;,&quot;motion_fx_devices&quot;:[&quot;desktop&quot;,&quot;tablet&quot;,&quot;mobile&quot;]}\">\n\t\t\t<div class=\"elementor-widget-wrap elementor-element-populated\">\n\t\t\t\t\t\t<section class=\"elementor-section elementor-inner-section elementor-element elementor-element-2c0e511 elementor-section-boxed elementor-section-height-default elementor-section-height-default\" data-id=\"2c0e511\" data-element_type=\"section\" data-e-type=\"section\" data-settings=\"{&quot;sticky&quot;:&quot;top&quot;,&quot;sticky_offset&quot;:40,&quot;sticky_effects_offset&quot;:20,&quot;sticky_parent&quot;:&quot;yes&quot;,&quot;sticky_on&quot;:[&quot;desktop&quot;,&quot;tablet&quot;,&quot;mobile&quot;],&quot;sticky_anchor_link_offset&quot;:0}\">\n\t\t\t\t\t\t<div class=\"elementor-container elementor-column-gap-default\">\n\t\t\t\t\t<div class=\"elementor-column elementor-col-100 elementor-inner-column elementor-element elementor-element-5a5568a\" data-id=\"5a5568a\" data-element_type=\"column\" data-e-type=\"column\" data-settings=\"{&quot;background_background&quot;:&quot;classic&quot;}\">\n\t\t\t<div class=\"elementor-widget-wrap elementor-element-populated\">\n\t\t\t\t\t\t<div class=\"elementor-element elementor-element-f1b21b0 elementor-widget elementor-widget-image\" data-id=\"f1b21b0\" data-element_type=\"widget\" data-e-type=\"widget\" data-widget_type=\"image.default\">\n\t\t\t\t<div class=\"elementor-widget-container\">\n\t\t\t\t\t\t\t\t\t\t\t\t\t\t\t<img fetchpriority=\"high\" decoding=\"async\" width=\"400\" height=\"400\" src=\"https:\/\/casaarmani.com.br\/wp-content\/uploads\/2022\/10\/SISTEMAS-DE-DRENAGEM-1.png\" class=\"attachment-full size-full wp-image-4462\" alt=\"\" srcset=\"https:\/\/casaarmani.com.br\/wp-content\/uploads\/2022\/10\/SISTEMAS-DE-DRENAGEM-1.png 400w, https:\/\/casaarmani.com.br\/wp-content\/uploads\/2022\/10\/SISTEMAS-DE-DRENAGEM-1-300x300.png 300w, https:\/\/casaarmani.com.br\/wp-content\/uploads\/2022\/10\/SISTEMAS-DE-DRENAGEM-1-150x150.png 150w\" sizes=\"(max-width: 400px) 100vw, 400px\" \/>\t\t\t\t\t\t\t\t\t\t\t\t\t\t\t<\/div>\n\t\t\t\t<\/div>\n\t\t\t\t\t<\/div>\n\t\t<\/div>\n\t\t\t\t\t<\/div>\n\t\t<\/section>\n\t\t\t\t\t<\/div>\n\t\t<\/div>\n\t\t\t\t<div class=\"elementor-column elementor-col-50 elementor-top-column elementor-element elementor-element-2ec0490\" data-id=\"2ec0490\" data-element_type=\"column\" data-e-type=\"column\">\n\t\t\t<div class=\"elementor-widget-wrap elementor-element-populated\">\n\t\t\t\t\t\t<div class=\"elementor-element elementor-element-0758efb elementor-widget elementor-widget-heading\" data-id=\"0758efb\" data-element_type=\"widget\" data-e-type=\"widget\" data-widget_type=\"heading.default\">\n\t\t\t\t<div class=\"elementor-widget-container\">\n\t\t\t\t\t<h3 class=\"elementor-heading-title elementor-size-default\">TUBO DE DRENO\n(TUBO CORRUGADO FLEX\u00cdVEL)<\/h3>\t\t\t\t<\/div>\n\t\t\t\t<\/div>\n\t\t\t\t<div class=\"elementor-element elementor-element-aa454f0 elementor-widget elementor-widget-text-editor\" data-id=\"aa454f0\" data-element_type=\"widget\" data-e-type=\"widget\" data-widget_type=\"text-editor.default\">\n\t\t\t\t<div class=\"elementor-widget-container\">\n\t\t\t\t\t\t\t\t\t<p>O KANALEX \u00e9 um duto corrugado, flex\u00edvel, fabricado em PEAD (Polietileno de Alta Densidade), que se desenvolve helicoidalmente no sentido do eixo longitudinal e com passo constante<\/p>\t\t\t\t\t\t\t\t<\/div>\n\t\t\t\t<\/div>\n\t\t\t\t<div class=\"elementor-element elementor-element-9f80f46 elementor-widget-divider--view-line elementor-widget elementor-widget-divider\" data-id=\"9f80f46\" data-element_type=\"widget\" data-e-type=\"widget\" data-widget_type=\"divider.default\">\n\t\t\t\t<div class=\"elementor-widget-container\">\n\t\t\t\t\t\t\t<div class=\"elementor-divider\">\n\t\t\t<span class=\"elementor-divider-separator\">\n\t\t\t\t\t\t<\/span>\n\t\t<\/div>\n\t\t\t\t\t\t<\/div>\n\t\t\t\t<\/div>\n\t\t\t\t<div class=\"elementor-element elementor-element-22ab216 elementor-align-left elementor-mobile-align-justify elementor-widget elementor-widget-global elementor-global-1442 elementor-widget-button\" data-id=\"22ab216\" data-element_type=\"widget\" data-e-type=\"widget\" id=\"btt_orcamento\" data-widget_type=\"button.default\">\n\t\t\t\t<div class=\"elementor-widget-container\">\n\t\t\t\t\t\t\t\t\t<div class=\"elementor-button-wrapper\">\n\t\t\t\t\t<a class=\"elementor-button elementor-button-link elementor-size-sm\" href=\"https:\/\/api.whatsapp.com\/send?phone=5519989632370&#038;text=Ol%C3%A1%2C%20vim%20atrav%C3%A9s%20do%20site.%20Gostaria%20de%20fazer%20um%20or%C3%A7amento!\" target=\"_blank\">\n\t\t\t\t\t\t<span class=\"elementor-button-content-wrapper\">\n\t\t\t\t\t\t\t\t\t<span class=\"elementor-button-text\">Pedir Or\u00e7amento<\/span>\n\t\t\t\t\t<\/span>\n\t\t\t\t\t<\/a>\n\t\t\t\t<\/div>\n\t\t\t\t\t\t\t\t<\/div>\n\t\t\t\t<\/div>\n\t\t\t\t\t<\/div>\n\t\t<\/div>\n\t\t\t\t\t<\/div>\n\t\t<\/section>\n\t\t\t\t<\/div>\n\t\t","protected":false},"excerpt":{"rendered":"<p>Tubo de Dreno TUBO DE DRENO (TUBO CORRUGADO FLEX\u00cdVEL) O KANALEX \u00e9 um duto corrugado, flex\u00edvel, fabricado em PEAD (Polietileno de Alta Densidade), que se desenvolve helicoidalmente no sentido do eixo longitudinal e com passo constante Pedir Or\u00e7amento<\/p>\n","protected":false},"author":1,"featured_media":0,"parent":1594,"menu_order":0,"comment_status":"closed","ping_status":"closed","template":"elementor_header_footer","meta":{"footnotes":""},"class_list":["post-1875","page","type-page","status-publish","hentry"],"yoast_head":"<!-- This site is optimized with the Yoast SEO plugin v27.2 - https:\/\/yoast.com\/product\/yoast-seo-wordpress\/ -->\n<title>tubo de dreno - Casa Armani<\/title>\n<meta name=\"robots\" content=\"index, follow, max-snippet:-1, max-image-preview:large, max-video-preview:-1\" \/>\n<link rel=\"canonical\" href=\"https:\/\/casaarmani.com.br\/index.php\/sistemas-de-drenagem\/tubo-de-dreno\/\" \/>\n<meta property=\"og:locale\" content=\"pt_BR\" \/>\n<meta property=\"og:type\" content=\"article\" \/>\n<meta property=\"og:title\" content=\"tubo de dreno - Casa Armani\" \/>\n<meta property=\"og:description\" content=\"Tubo de Dreno TUBO DE DRENO (TUBO CORRUGADO FLEX\u00cdVEL) O KANALEX \u00e9 um duto corrugado, flex\u00edvel, fabricado em PEAD (Polietileno de Alta Densidade), que se desenvolve helicoidalmente no sentido do eixo longitudinal e com passo constante Pedir Or\u00e7amento\" \/>\n<meta property=\"og:url\" content=\"https:\/\/casaarmani.com.br\/index.php\/sistemas-de-drenagem\/tubo-de-dreno\/\" \/>\n<meta property=\"og:site_name\" content=\"Casa Armani\" \/>\n<meta property=\"article:publisher\" content=\"https:\/\/www.facebook.com\/casaarmani\" \/>\n<meta property=\"og:image\" content=\"https:\/\/casaarmani.com.br\/wp-content\/uploads\/2022\/09\/BARRA-COM-PONTO-ESQUERDA-copiar.png\" \/>\n\t<meta property=\"og:image:width\" content=\"419\" \/>\n\t<meta property=\"og:image:height\" content=\"5\" \/>\n\t<meta property=\"og:image:type\" content=\"image\/png\" \/>\n<meta name=\"twitter:card\" content=\"summary_large_image\" \/>\n<script type=\"application\/ld+json\" class=\"yoast-schema-graph\">{\"@context\":\"https:\/\/schema.org\",\"@graph\":[{\"@type\":\"WebPage\",\"@id\":\"https:\/\/casaarmani.com.br\/index.php\/sistemas-de-drenagem\/tubo-de-dreno\/\",\"url\":\"https:\/\/casaarmani.com.br\/index.php\/sistemas-de-drenagem\/tubo-de-dreno\/\",\"name\":\"tubo de dreno - Casa Armani\",\"isPartOf\":{\"@id\":\"https:\/\/casaarmani.com.br\/#website\"},\"primaryImageOfPage\":{\"@id\":\"https:\/\/casaarmani.com.br\/index.php\/sistemas-de-drenagem\/tubo-de-dreno\/#primaryimage\"},\"image\":{\"@id\":\"https:\/\/casaarmani.com.br\/index.php\/sistemas-de-drenagem\/tubo-de-dreno\/#primaryimage\"},\"thumbnailUrl\":\"https:\/\/casaarmani.com.br\/wp-content\/uploads\/2022\/09\/BARRA-COM-PONTO-ESQUERDA-copiar.png\",\"datePublished\":\"2022-10-11T19:00:02+00:00\",\"breadcrumb\":{\"@id\":\"https:\/\/casaarmani.com.br\/index.php\/sistemas-de-drenagem\/tubo-de-dreno\/#breadcrumb\"},\"inLanguage\":\"pt-BR\",\"potentialAction\":[{\"@type\":\"ReadAction\",\"target\":[\"https:\/\/casaarmani.com.br\/index.php\/sistemas-de-drenagem\/tubo-de-dreno\/\"]}]},{\"@type\":\"ImageObject\",\"inLanguage\":\"pt-BR\",\"@id\":\"https:\/\/casaarmani.com.br\/index.php\/sistemas-de-drenagem\/tubo-de-dreno\/#primaryimage\",\"url\":\"https:\/\/casaarmani.com.br\/wp-content\/uploads\/2022\/09\/BARRA-COM-PONTO-ESQUERDA-copiar.png\",\"contentUrl\":\"https:\/\/casaarmani.com.br\/wp-content\/uploads\/2022\/09\/BARRA-COM-PONTO-ESQUERDA-copiar.png\",\"width\":419,\"height\":5},{\"@type\":\"BreadcrumbList\",\"@id\":\"https:\/\/casaarmani.com.br\/index.php\/sistemas-de-drenagem\/tubo-de-dreno\/#breadcrumb\",\"itemListElement\":[{\"@type\":\"ListItem\",\"position\":1,\"name\":\"In\u00edcio\",\"item\":\"https:\/\/casaarmani.com.br\/\"},{\"@type\":\"ListItem\",\"position\":2,\"name\":\"SISTEMAS DE DRENAGEM\",\"item\":\"https:\/\/casaarmani.com.br\/index.php\/sistemas-de-drenagem\/\"},{\"@type\":\"ListItem\",\"position\":3,\"name\":\"tubo de dreno\"}]},{\"@type\":\"WebSite\",\"@id\":\"https:\/\/casaarmani.com.br\/#website\",\"url\":\"https:\/\/casaarmani.com.br\/\",\"name\":\"Casa Armani\",\"description\":\"Solu\u00e7\u00f5es Construtivas\",\"publisher\":{\"@id\":\"https:\/\/casaarmani.com.br\/#organization\"},\"potentialAction\":[{\"@type\":\"SearchAction\",\"target\":{\"@type\":\"EntryPoint\",\"urlTemplate\":\"https:\/\/casaarmani.com.br\/?s={search_term_string}\"},\"query-input\":{\"@type\":\"PropertyValueSpecification\",\"valueRequired\":true,\"valueName\":\"search_term_string\"}}],\"inLanguage\":\"pt-BR\"},{\"@type\":\"Organization\",\"@id\":\"https:\/\/casaarmani.com.br\/#organization\",\"name\":\"Casa Armani\",\"url\":\"https:\/\/casaarmani.com.br\/\",\"logo\":{\"@type\":\"ImageObject\",\"inLanguage\":\"pt-BR\",\"@id\":\"https:\/\/casaarmani.com.br\/#\/schema\/logo\/image\/\",\"url\":\"https:\/\/casaarmani.com.br\/wp-content\/uploads\/2022\/09\/favicon.png\",\"contentUrl\":\"https:\/\/casaarmani.com.br\/wp-content\/uploads\/2022\/09\/favicon.png\",\"width\":500,\"height\":500,\"caption\":\"Casa Armani\"},\"image\":{\"@id\":\"https:\/\/casaarmani.com.br\/#\/schema\/logo\/image\/\"},\"sameAs\":[\"https:\/\/www.facebook.com\/casaarmani\",\"https:\/\/www.instagram.com\/armanisolucoes\/\"]}]}<\/script>\n<!-- \/ Yoast SEO plugin. -->","yoast_head_json":{"title":"tubo de dreno - Casa Armani","robots":{"index":"index","follow":"follow","max-snippet":"max-snippet:-1","max-image-preview":"max-image-preview:large","max-video-preview":"max-video-preview:-1"},"canonical":"https:\/\/casaarmani.com.br\/index.php\/sistemas-de-drenagem\/tubo-de-dreno\/","og_locale":"pt_BR","og_type":"article","og_title":"tubo de dreno - Casa Armani","og_description":"Tubo de Dreno TUBO DE DRENO (TUBO CORRUGADO FLEX\u00cdVEL) O KANALEX \u00e9 um duto corrugado, flex\u00edvel, fabricado em PEAD (Polietileno de Alta Densidade), que se desenvolve helicoidalmente no sentido do eixo longitudinal e com passo constante Pedir Or\u00e7amento","og_url":"https:\/\/casaarmani.com.br\/index.php\/sistemas-de-drenagem\/tubo-de-dreno\/","og_site_name":"Casa Armani","article_publisher":"https:\/\/www.facebook.com\/casaarmani","og_image":[{"width":419,"height":5,"url":"https:\/\/casaarmani.com.br\/wp-content\/uploads\/2022\/09\/BARRA-COM-PONTO-ESQUERDA-copiar.png","type":"image\/png"}],"twitter_card":"summary_large_image","schema":{"@context":"https:\/\/schema.org","@graph":[{"@type":"WebPage","@id":"https:\/\/casaarmani.com.br\/index.php\/sistemas-de-drenagem\/tubo-de-dreno\/","url":"https:\/\/casaarmani.com.br\/index.php\/sistemas-de-drenagem\/tubo-de-dreno\/","name":"tubo de dreno - Casa Armani","isPartOf":{"@id":"https:\/\/casaarmani.com.br\/#website"},"primaryImageOfPage":{"@id":"https:\/\/casaarmani.com.br\/index.php\/sistemas-de-drenagem\/tubo-de-dreno\/#primaryimage"},"image":{"@id":"https:\/\/casaarmani.com.br\/index.php\/sistemas-de-drenagem\/tubo-de-dreno\/#primaryimage"},"thumbnailUrl":"https:\/\/casaarmani.com.br\/wp-content\/uploads\/2022\/09\/BARRA-COM-PONTO-ESQUERDA-copiar.png","datePublished":"2022-10-11T19:00:02+00:00","breadcrumb":{"@id":"https:\/\/casaarmani.com.br\/index.php\/sistemas-de-drenagem\/tubo-de-dreno\/#breadcrumb"},"inLanguage":"pt-BR","potentialAction":[{"@type":"ReadAction","target":["https:\/\/casaarmani.com.br\/index.php\/sistemas-de-drenagem\/tubo-de-dreno\/"]}]},{"@type":"ImageObject","inLanguage":"pt-BR","@id":"https:\/\/casaarmani.com.br\/index.php\/sistemas-de-drenagem\/tubo-de-dreno\/#primaryimage","url":"https:\/\/casaarmani.com.br\/wp-content\/uploads\/2022\/09\/BARRA-COM-PONTO-ESQUERDA-copiar.png","contentUrl":"https:\/\/casaarmani.com.br\/wp-content\/uploads\/2022\/09\/BARRA-COM-PONTO-ESQUERDA-copiar.png","width":419,"height":5},{"@type":"BreadcrumbList","@id":"https:\/\/casaarmani.com.br\/index.php\/sistemas-de-drenagem\/tubo-de-dreno\/#breadcrumb","itemListElement":[{"@type":"ListItem","position":1,"name":"In\u00edcio","item":"https:\/\/casaarmani.com.br\/"},{"@type":"ListItem","position":2,"name":"SISTEMAS DE DRENAGEM","item":"https:\/\/casaarmani.com.br\/index.php\/sistemas-de-drenagem\/"},{"@type":"ListItem","position":3,"name":"tubo de dreno"}]},{"@type":"WebSite","@id":"https:\/\/casaarmani.com.br\/#website","url":"https:\/\/casaarmani.com.br\/","name":"Casa Armani","description":"Solu\u00e7\u00f5es Construtivas","publisher":{"@id":"https:\/\/casaarmani.com.br\/#organization"},"potentialAction":[{"@type":"SearchAction","target":{"@type":"EntryPoint","urlTemplate":"https:\/\/casaarmani.com.br\/?s={search_term_string}"},"query-input":{"@type":"PropertyValueSpecification","valueRequired":true,"valueName":"search_term_string"}}],"inLanguage":"pt-BR"},{"@type":"Organization","@id":"https:\/\/casaarmani.com.br\/#organization","name":"Casa Armani","url":"https:\/\/casaarmani.com.br\/","logo":{"@type":"ImageObject","inLanguage":"pt-BR","@id":"https:\/\/casaarmani.com.br\/#\/schema\/logo\/image\/","url":"https:\/\/casaarmani.com.br\/wp-content\/uploads\/2022\/09\/favicon.png","contentUrl":"https:\/\/casaarmani.com.br\/wp-content\/uploads\/2022\/09\/favicon.png","width":500,"height":500,"caption":"Casa Armani"},"image":{"@id":"https:\/\/casaarmani.com.br\/#\/schema\/logo\/image\/"},"sameAs":["https:\/\/www.facebook.com\/casaarmani","https:\/\/www.instagram.com\/armanisolucoes\/"]}]}},"_links":{"self":[{"href":"https:\/\/casaarmani.com.br\/index.php\/wp-json\/wp\/v2\/pages\/1875","targetHints":{"allow":["GET"]}}],"collection":[{"href":"https:\/\/casaarmani.com.br\/index.php\/wp-json\/wp\/v2\/pages"}],"about":[{"href":"https:\/\/casaarmani.com.br\/index.php\/wp-json\/wp\/v2\/types\/page"}],"author":[{"embeddable":true,"href":"https:\/\/casaarmani.com.br\/index.php\/wp-json\/wp\/v2\/users\/1"}],"replies":[{"embeddable":true,"href":"https:\/\/casaarmani.com.br\/index.php\/wp-json\/wp\/v2\/comments?post=1875"}],"version-history":[{"count":0,"href":"https:\/\/casaarmani.com.br\/index.php\/wp-json\/wp\/v2\/pages\/1875\/revisions"}],"up":[{"embeddable":true,"href":"https:\/\/casaarmani.com.br\/index.php\/wp-json\/wp\/v2\/pages\/1594"}],"wp:attachment":[{"href":"https:\/\/casaarmani.com.br\/index.php\/wp-json\/wp\/v2\/media?parent=1875"}],"curies":[{"name":"wp","href":"https:\/\/api.w.org\/{rel}","templated":true}]}}