{"id":1639,"date":"2022-10-11T14:27:09","date_gmt":"2022-10-11T17:27:09","guid":{"rendered":"https:\/\/casaarmani.mateusjiorgines.com.br\/?page_id=1639"},"modified":"2022-10-11T14:27:09","modified_gmt":"2022-10-11T17:27:09","slug":"murafan-38-2","status":"publish","type":"page","link":"https:\/\/casaarmani.com.br\/index.php\/aditivos-para-argamassa\/murafan-38-2\/","title":{"rendered":"murafan 38"},"content":{"rendered":"\t\t<div data-elementor-type=\"wp-page\" data-elementor-id=\"1639\" class=\"elementor elementor-1639\" data-elementor-post-type=\"page\">\n\t\t\t\t\t\t<section class=\"elementor-section elementor-top-section elementor-element elementor-element-333b1fc elementor-section-full_width elementor-section-content-middle elementor-section-height-default elementor-section-height-default\" data-id=\"333b1fc\" data-element_type=\"section\" data-e-type=\"section\" data-settings=\"{&quot;background_background&quot;:&quot;classic&quot;}\">\n\t\t\t\t\t\t<div class=\"elementor-container elementor-column-gap-no\">\n\t\t\t\t\t<div class=\"elementor-column elementor-col-33 elementor-top-column elementor-element elementor-element-1e52aa8\" data-id=\"1e52aa8\" data-element_type=\"column\" data-e-type=\"column\">\n\t\t\t<div class=\"elementor-widget-wrap elementor-element-populated\">\n\t\t\t\t\t\t<div class=\"elementor-element elementor-element-cadbdbc elementor-invisible elementor-widget elementor-widget-image\" data-id=\"cadbdbc\" data-element_type=\"widget\" data-e-type=\"widget\" data-settings=\"{&quot;_animation&quot;:&quot;fadeInLeft&quot;}\" data-widget_type=\"image.default\">\n\t\t\t\t<div class=\"elementor-widget-container\">\n\t\t\t\t\t\t\t\t\t\t\t\t\t\t\t<img decoding=\"async\" width=\"419\" height=\"5\" src=\"https:\/\/casaarmani.com.br\/wp-content\/uploads\/2022\/09\/BARRA-COM-PONTO-ESQUERDA-copiar.png\" class=\"attachment-full size-full wp-image-62\" alt=\"\" srcset=\"https:\/\/casaarmani.com.br\/wp-content\/uploads\/2022\/09\/BARRA-COM-PONTO-ESQUERDA-copiar.png 419w, https:\/\/casaarmani.com.br\/wp-content\/uploads\/2022\/09\/BARRA-COM-PONTO-ESQUERDA-copiar-300x4.png 300w\" sizes=\"(max-width: 419px) 100vw, 419px\" \/>\t\t\t\t\t\t\t\t\t\t\t\t\t\t\t<\/div>\n\t\t\t\t<\/div>\n\t\t\t\t\t<\/div>\n\t\t<\/div>\n\t\t\t\t<div class=\"elementor-column elementor-col-33 elementor-top-column elementor-element elementor-element-b07e16c\" data-id=\"b07e16c\" data-element_type=\"column\" data-e-type=\"column\">\n\t\t\t<div class=\"elementor-widget-wrap elementor-element-populated\">\n\t\t\t\t\t\t<div class=\"elementor-element elementor-element-c55d197 elementor-invisible elementor-widget elementor-widget-heading\" data-id=\"c55d197\" data-element_type=\"widget\" data-e-type=\"widget\" data-settings=\"{&quot;_animation&quot;:&quot;fadeInUp&quot;}\" data-widget_type=\"heading.default\">\n\t\t\t\t<div class=\"elementor-widget-container\">\n\t\t\t\t\t<h1 class=\"elementor-heading-title elementor-size-default\">Murafan 38<\/h1>\t\t\t\t<\/div>\n\t\t\t\t<\/div>\n\t\t\t\t\t<\/div>\n\t\t<\/div>\n\t\t\t\t<div class=\"elementor-column elementor-col-33 elementor-top-column elementor-element elementor-element-cfa8f77\" data-id=\"cfa8f77\" data-element_type=\"column\" data-e-type=\"column\">\n\t\t\t<div class=\"elementor-widget-wrap elementor-element-populated\">\n\t\t\t\t\t\t<div class=\"elementor-element elementor-element-114d8e3 elementor-invisible elementor-widget elementor-widget-image\" data-id=\"114d8e3\" data-element_type=\"widget\" data-e-type=\"widget\" data-settings=\"{&quot;_animation&quot;:&quot;fadeInRight&quot;}\" data-widget_type=\"image.default\">\n\t\t\t\t<div class=\"elementor-widget-container\">\n\t\t\t\t\t\t\t\t\t\t\t\t\t\t\t<img decoding=\"async\" width=\"419\" height=\"5\" src=\"https:\/\/casaarmani.com.br\/wp-content\/uploads\/2022\/09\/BARRA-COM-PONTO-DIREITA-copiar.png\" class=\"attachment-full size-full wp-image-61\" alt=\"\" srcset=\"https:\/\/casaarmani.com.br\/wp-content\/uploads\/2022\/09\/BARRA-COM-PONTO-DIREITA-copiar.png 419w, https:\/\/casaarmani.com.br\/wp-content\/uploads\/2022\/09\/BARRA-COM-PONTO-DIREITA-copiar-300x4.png 300w\" sizes=\"(max-width: 419px) 100vw, 419px\" \/>\t\t\t\t\t\t\t\t\t\t\t\t\t\t\t<\/div>\n\t\t\t\t<\/div>\n\t\t\t\t\t<\/div>\n\t\t<\/div>\n\t\t\t\t\t<\/div>\n\t\t<\/section>\n\t\t\t\t<section class=\"elementor-section elementor-top-section elementor-element elementor-element-9b842d6 elementor-section-content-middle elementor-section-boxed elementor-section-height-default elementor-section-height-default\" data-id=\"9b842d6\" data-element_type=\"section\" data-e-type=\"section\">\n\t\t\t\t\t\t<div class=\"elementor-container elementor-column-gap-default\">\n\t\t\t\t\t<div class=\"elementor-column elementor-col-50 elementor-top-column elementor-element elementor-element-74d777a\" data-id=\"74d777a\" data-element_type=\"column\" data-e-type=\"column\" data-settings=\"{&quot;background_background&quot;:&quot;classic&quot;,&quot;motion_fx_motion_fx_scrolling&quot;:&quot;yes&quot;,&quot;motion_fx_devices&quot;:[&quot;desktop&quot;,&quot;tablet&quot;,&quot;mobile&quot;]}\">\n\t\t\t<div class=\"elementor-widget-wrap elementor-element-populated\">\n\t\t\t\t\t\t<section class=\"elementor-section elementor-inner-section elementor-element elementor-element-b1de60b elementor-section-boxed elementor-section-height-default elementor-section-height-default\" data-id=\"b1de60b\" data-element_type=\"section\" data-e-type=\"section\" data-settings=\"{&quot;sticky&quot;:&quot;top&quot;,&quot;sticky_offset&quot;:40,&quot;sticky_effects_offset&quot;:20,&quot;sticky_parent&quot;:&quot;yes&quot;,&quot;sticky_on&quot;:[&quot;desktop&quot;,&quot;tablet&quot;,&quot;mobile&quot;],&quot;sticky_anchor_link_offset&quot;:0}\">\n\t\t\t\t\t\t<div class=\"elementor-container elementor-column-gap-default\">\n\t\t\t\t\t<div class=\"elementor-column elementor-col-100 elementor-inner-column elementor-element elementor-element-ed0f1c5\" data-id=\"ed0f1c5\" data-element_type=\"column\" data-e-type=\"column\" data-settings=\"{&quot;background_background&quot;:&quot;classic&quot;}\">\n\t\t\t<div class=\"elementor-widget-wrap elementor-element-populated\">\n\t\t\t\t\t\t<div class=\"elementor-element elementor-element-0e403aa elementor-widget elementor-widget-image\" data-id=\"0e403aa\" data-element_type=\"widget\" data-e-type=\"widget\" data-widget_type=\"image.default\">\n\t\t\t\t<div class=\"elementor-widget-container\">\n\t\t\t\t\t\t\t\t\t\t\t\t\t\t\t<img fetchpriority=\"high\" decoding=\"async\" width=\"400\" height=\"400\" src=\"https:\/\/casaarmani.com.br\/wp-content\/uploads\/2022\/10\/MURAFAN-38.png\" class=\"attachment-full size-full wp-image-2795\" alt=\"\" srcset=\"https:\/\/casaarmani.com.br\/wp-content\/uploads\/2022\/10\/MURAFAN-38.png 400w, https:\/\/casaarmani.com.br\/wp-content\/uploads\/2022\/10\/MURAFAN-38-300x300.png 300w, https:\/\/casaarmani.com.br\/wp-content\/uploads\/2022\/10\/MURAFAN-38-150x150.png 150w\" sizes=\"(max-width: 400px) 100vw, 400px\" \/>\t\t\t\t\t\t\t\t\t\t\t\t\t\t\t<\/div>\n\t\t\t\t<\/div>\n\t\t\t\t\t<\/div>\n\t\t<\/div>\n\t\t\t\t\t<\/div>\n\t\t<\/section>\n\t\t\t\t\t<\/div>\n\t\t<\/div>\n\t\t\t\t<div class=\"elementor-column elementor-col-50 elementor-top-column elementor-element elementor-element-38ff85b\" data-id=\"38ff85b\" data-element_type=\"column\" data-e-type=\"column\">\n\t\t\t<div class=\"elementor-widget-wrap elementor-element-populated\">\n\t\t\t\t\t\t<div class=\"elementor-element elementor-element-471d7ee elementor-widget elementor-widget-heading\" data-id=\"471d7ee\" data-element_type=\"widget\" data-e-type=\"widget\" data-widget_type=\"heading.default\">\n\t\t\t\t<div class=\"elementor-widget-container\">\n\t\t\t\t\t<h2 class=\"elementor-heading-title elementor-size-default\">Murafan 38<\/h2>\t\t\t\t<\/div>\n\t\t\t\t<\/div>\n\t\t\t\t<div class=\"elementor-element elementor-element-78fb0e0 elementor-widget elementor-widget-text-editor\" data-id=\"78fb0e0\" data-element_type=\"widget\" data-e-type=\"widget\" data-widget_type=\"text-editor.default\">\n\t\t\t\t<div class=\"elementor-widget-container\">\n\t\t\t\t\t\t\t\t\t<p>Adesivo &agrave; base de PVA para chapiscos e argamassas Descri&ccedil;&atilde;o Adesivo l&iacute;quido polim&eacute;rico &agrave; base de PVA que proporciona alta ader&ecirc;ncia, indicado principalmente para chapiscos e argamassas<\/p>\t\t\t\t\t\t\t\t<\/div>\n\t\t\t\t<\/div>\n\t\t\t\t<div class=\"elementor-element elementor-element-5dfa5ec elementor-widget-divider--view-line elementor-widget elementor-widget-divider\" data-id=\"5dfa5ec\" data-element_type=\"widget\" data-e-type=\"widget\" data-widget_type=\"divider.default\">\n\t\t\t\t<div class=\"elementor-widget-container\">\n\t\t\t\t\t\t\t<div class=\"elementor-divider\">\n\t\t\t<span class=\"elementor-divider-separator\">\n\t\t\t\t\t\t<\/span>\n\t\t<\/div>\n\t\t\t\t\t\t<\/div>\n\t\t\t\t<\/div>\n\t\t\t\t<div class=\"elementor-element elementor-element-e25be58 elementor-position-block-start elementor-view-default elementor-mobile-position-block-start elementor-widget elementor-widget-icon-box\" data-id=\"e25be58\" data-element_type=\"widget\" data-e-type=\"widget\" data-widget_type=\"icon-box.default\">\n\t\t\t\t<div class=\"elementor-widget-container\">\n\t\t\t\t\t\t\t<div class=\"elementor-icon-box-wrapper\">\n\n\t\t\t\t\t\t<div class=\"elementor-icon-box-icon\">\n\t\t\t\t<span  class=\"elementor-icon\">\n\t\t\t\t<svg aria-hidden=\"true\" class=\"e-font-icon-svg e-fas-star\" viewBox=\"0 0 576 512\" xmlns=\"http:\/\/www.w3.org\/2000\/svg\"><path d=\"M259.3 17.8L194 150.2 47.9 171.5c-26.2 3.8-36.7 36.1-17.7 54.6l105.7 103-25 145.5c-4.5 26.3 23.2 46 46.4 33.7L288 439.6l130.7 68.7c23.2 12.2 50.9-7.4 46.4-33.7l-25-145.5 105.7-103c19-18.5 8.5-50.8-17.7-54.6L382 150.2 316.7 17.8c-11.7-23.6-45.6-23.9-57.4 0z\"><\/path><\/svg>\t\t\t\t<\/span>\n\t\t\t<\/div>\n\t\t\t\n\t\t\t\t\t\t<div class=\"elementor-icon-box-content\">\n\n\t\t\t\t\t\t\t\t\t<h3 class=\"elementor-icon-box-title\">\n\t\t\t\t\t\t<span  >\n\t\t\t\t\t\t\tVantagens\t\t\t\t\t\t<\/span>\n\t\t\t\t\t<\/h3>\n\t\t\t\t\n\t\t\t\t\t\t\t\t\t<p class=\"elementor-icon-box-description\">\n\t\t\t\t\t\t<p>- Facilita a aplica&ccedil;&atilde;o do chapisco rolado, reduzindo as perdas de material e a gera&ccedil;&atilde;o de sujeira na obra;<br \/>- Produto resistente &agrave; umidade<br \/>- N&atilde;o reemulsiona<br \/>- Diminui a retra&ccedil;&atilde;o e a permeabilidade de chapiscos e argamassas<br \/>- Aumenta a coes&atilde;o das argamassas<br \/>- Reduz a fissura&ccedil;&atilde;o em argamassas de revestimento<br \/>- Produto monocomponente<br \/>- Pronto para o uso<\/p>\t\t\t\t\t<\/p>\n\t\t\t\t\n\t\t\t<\/div>\n\t\t\t\n\t\t<\/div>\n\t\t\t\t\t\t<\/div>\n\t\t\t\t<\/div>\n\t\t\t\t<div class=\"elementor-element elementor-element-c64c818 elementor-widget-divider--view-line elementor-widget elementor-widget-divider\" data-id=\"c64c818\" data-element_type=\"widget\" data-e-type=\"widget\" data-widget_type=\"divider.default\">\n\t\t\t\t<div class=\"elementor-widget-container\">\n\t\t\t\t\t\t\t<div class=\"elementor-divider\">\n\t\t\t<span class=\"elementor-divider-separator\">\n\t\t\t\t\t\t<\/span>\n\t\t<\/div>\n\t\t\t\t\t\t<\/div>\n\t\t\t\t<\/div>\n\t\t\t\t<div class=\"elementor-element elementor-element-3ed77e3 elementor-position-block-start elementor-view-default elementor-mobile-position-block-start elementor-widget elementor-widget-icon-box\" data-id=\"3ed77e3\" data-element_type=\"widget\" data-e-type=\"widget\" data-widget_type=\"icon-box.default\">\n\t\t\t\t<div class=\"elementor-widget-container\">\n\t\t\t\t\t\t\t<div class=\"elementor-icon-box-wrapper\">\n\n\t\t\t\t\t\t<div class=\"elementor-icon-box-icon\">\n\t\t\t\t<span  class=\"elementor-icon\">\n\t\t\t\t<svg aria-hidden=\"true\" class=\"e-font-icon-svg e-fas-map-marker\" viewBox=\"0 0 384 512\" xmlns=\"http:\/\/www.w3.org\/2000\/svg\"><path d=\"M172.268 501.67C26.97 291.031 0 269.413 0 192 0 85.961 85.961 0 192 0s192 85.961 192 192c0 77.413-26.97 99.031-172.268 309.67-9.535 13.774-29.93 13.773-39.464 0z\"><\/path><\/svg>\t\t\t\t<\/span>\n\t\t\t<\/div>\n\t\t\t\n\t\t\t\t\t\t<div class=\"elementor-icon-box-content\">\n\n\t\t\t\t\t\t\t\t\t<h3 class=\"elementor-icon-box-title\">\n\t\t\t\t\t\t<span  >\n\t\t\t\t\t\t\t\u00c1reas de Aplica\u00e7\u00e3o\t\t\t\t\t\t<\/span>\n\t\t\t\t\t<\/h3>\n\t\t\t\t\n\t\t\t\t\t\t\t\t\t<p class=\"elementor-icon-box-description\">\n\t\t\t\t\t\t<p>&bull; Chapisco em alvenaria, concreto e isopor<br \/>(EPS)<br \/>&bull; Chapisco rolado e projetado<br \/>&bull; Adesivo para argamassas de reparo, reboco<br \/>e regulariza&ccedil;&atilde;o de pisos<br \/>&bull; Plastificante e retardador para gesso<br \/>&bull; Adesivo para estucamento e fixador de<br \/>caia&ccedil;&atilde;o<\/p>\t\t\t\t\t<\/p>\n\t\t\t\t\n\t\t\t<\/div>\n\t\t\t\n\t\t<\/div>\n\t\t\t\t\t\t<\/div>\n\t\t\t\t<\/div>\n\t\t\t\t<div class=\"elementor-element elementor-element-55d0db5 elementor-widget-divider--view-line elementor-widget elementor-widget-divider\" data-id=\"55d0db5\" data-element_type=\"widget\" data-e-type=\"widget\" data-widget_type=\"divider.default\">\n\t\t\t\t<div class=\"elementor-widget-container\">\n\t\t\t\t\t\t\t<div class=\"elementor-divider\">\n\t\t\t<span class=\"elementor-divider-separator\">\n\t\t\t\t\t\t<\/span>\n\t\t<\/div>\n\t\t\t\t\t\t<\/div>\n\t\t\t\t<\/div>\n\t\t\t\t<div class=\"elementor-element elementor-element-49c7ae8 elementor-widget-divider--view-line elementor-widget elementor-widget-divider\" data-id=\"49c7ae8\" data-element_type=\"widget\" data-e-type=\"widget\" data-widget_type=\"divider.default\">\n\t\t\t\t<div class=\"elementor-widget-container\">\n\t\t\t\t\t\t\t<div class=\"elementor-divider\">\n\t\t\t<span class=\"elementor-divider-separator\">\n\t\t\t\t\t\t<\/span>\n\t\t<\/div>\n\t\t\t\t\t\t<\/div>\n\t\t\t\t<\/div>\n\t\t\t\t<div class=\"elementor-element elementor-element-1da5324 elementor-widget-divider--view-line elementor-widget elementor-widget-divider\" data-id=\"1da5324\" data-element_type=\"widget\" data-e-type=\"widget\" data-widget_type=\"divider.default\">\n\t\t\t\t<div class=\"elementor-widget-container\">\n\t\t\t\t\t\t\t<div class=\"elementor-divider\">\n\t\t\t<span class=\"elementor-divider-separator\">\n\t\t\t\t\t\t<\/span>\n\t\t<\/div>\n\t\t\t\t\t\t<\/div>\n\t\t\t\t<\/div>\n\t\t\t\t<div class=\"elementor-element elementor-element-8154dad elementor-widget-divider--view-line elementor-widget elementor-widget-divider\" data-id=\"8154dad\" data-element_type=\"widget\" data-e-type=\"widget\" data-widget_type=\"divider.default\">\n\t\t\t\t<div class=\"elementor-widget-container\">\n\t\t\t\t\t\t\t<div class=\"elementor-divider\">\n\t\t\t<span class=\"elementor-divider-separator\">\n\t\t\t\t\t\t<\/span>\n\t\t<\/div>\n\t\t\t\t\t\t<\/div>\n\t\t\t\t<\/div>\n\t\t\t\t<div class=\"elementor-element elementor-element-116ae65 elementor-widget-divider--view-line elementor-widget elementor-widget-divider\" data-id=\"116ae65\" data-element_type=\"widget\" data-e-type=\"widget\" data-widget_type=\"divider.default\">\n\t\t\t\t<div class=\"elementor-widget-container\">\n\t\t\t\t\t\t\t<div class=\"elementor-divider\">\n\t\t\t<span class=\"elementor-divider-separator\">\n\t\t\t\t\t\t<\/span>\n\t\t<\/div>\n\t\t\t\t\t\t<\/div>\n\t\t\t\t<\/div>\n\t\t\t\t<div class=\"elementor-element elementor-element-6b085cd elementor-align-left elementor-mobile-align-justify elementor-widget elementor-widget-global elementor-global-1442 elementor-widget-button\" data-id=\"6b085cd\" data-element_type=\"widget\" data-e-type=\"widget\" id=\"btt_orcamento\" data-widget_type=\"button.default\">\n\t\t\t\t<div class=\"elementor-widget-container\">\n\t\t\t\t\t\t\t\t\t<div class=\"elementor-button-wrapper\">\n\t\t\t\t\t<a class=\"elementor-button elementor-button-link elementor-size-sm\" href=\"https:\/\/api.whatsapp.com\/send?phone=5519989632370&#038;text=Ol%C3%A1%2C%20vim%20atrav%C3%A9s%20do%20site.%20Gostaria%20de%20fazer%20um%20or%C3%A7amento!\" target=\"_blank\">\n\t\t\t\t\t\t<span class=\"elementor-button-content-wrapper\">\n\t\t\t\t\t\t\t\t\t<span class=\"elementor-button-text\">Pedir Or\u00e7amento<\/span>\n\t\t\t\t\t<\/span>\n\t\t\t\t\t<\/a>\n\t\t\t\t<\/div>\n\t\t\t\t\t\t\t\t<\/div>\n\t\t\t\t<\/div>\n\t\t\t\t\t<\/div>\n\t\t<\/div>\n\t\t\t\t\t<\/div>\n\t\t<\/section>\n\t\t\t\t<\/div>\n\t\t","protected":false},"excerpt":{"rendered":"<p>Murafan 38 Murafan 38 Adesivo &agrave; base de PVA para chapiscos e argamassas Descri&ccedil;&atilde;o Adesivo l&iacute;quido polim&eacute;rico &agrave; base de PVA que proporciona alta ader&ecirc;ncia, indicado principalmente para chapiscos e argamassas Vantagens &#8211; Facilita a aplica&ccedil;&atilde;o do chapisco rolado, reduzindo as perdas de material e a gera&ccedil;&atilde;o de sujeira na obra;&#8211; Produto resistente &agrave; umidade&#8211; [&hellip;]<\/p>\n","protected":false},"author":1,"featured_media":0,"parent":1507,"menu_order":0,"comment_status":"closed","ping_status":"closed","template":"elementor_header_footer","meta":{"footnotes":""},"class_list":["post-1639","page","type-page","status-publish","hentry"],"yoast_head":"<!-- This site is optimized with the Yoast SEO plugin v27.2 - https:\/\/yoast.com\/product\/yoast-seo-wordpress\/ -->\n<title>murafan 38 - Casa Armani<\/title>\n<meta name=\"robots\" content=\"index, follow, max-snippet:-1, max-image-preview:large, max-video-preview:-1\" \/>\n<link rel=\"canonical\" href=\"https:\/\/casaarmani.com.br\/index.php\/aditivos-para-argamassa\/murafan-38-2\/\" \/>\n<meta property=\"og:locale\" content=\"pt_BR\" \/>\n<meta property=\"og:type\" content=\"article\" \/>\n<meta property=\"og:title\" content=\"murafan 38 - Casa Armani\" \/>\n<meta property=\"og:description\" content=\"Murafan 38 Murafan 38 Adesivo &agrave; base de PVA para chapiscos e argamassas Descri&ccedil;&atilde;o Adesivo l&iacute;quido polim&eacute;rico &agrave; base de PVA que proporciona alta ader&ecirc;ncia, indicado principalmente para chapiscos e argamassas Vantagens &#8211; Facilita a aplica&ccedil;&atilde;o do chapisco rolado, reduzindo as perdas de material e a gera&ccedil;&atilde;o de sujeira na obra;&#8211; Produto resistente &agrave; umidade&#8211; [&hellip;]\" \/>\n<meta property=\"og:url\" content=\"https:\/\/casaarmani.com.br\/index.php\/aditivos-para-argamassa\/murafan-38-2\/\" \/>\n<meta property=\"og:site_name\" content=\"Casa Armani\" \/>\n<meta property=\"article:publisher\" content=\"https:\/\/www.facebook.com\/casaarmani\" \/>\n<meta property=\"og:image\" content=\"https:\/\/casaarmani.com.br\/wp-content\/uploads\/2022\/09\/BARRA-COM-PONTO-ESQUERDA-copiar.png\" \/>\n\t<meta property=\"og:image:width\" content=\"419\" \/>\n\t<meta property=\"og:image:height\" content=\"5\" \/>\n\t<meta property=\"og:image:type\" content=\"image\/png\" \/>\n<meta name=\"twitter:card\" content=\"summary_large_image\" \/>\n<meta name=\"twitter:label1\" content=\"Est. tempo de leitura\" \/>\n\t<meta name=\"twitter:data1\" content=\"1 minuto\" \/>\n<script type=\"application\/ld+json\" class=\"yoast-schema-graph\">{\"@context\":\"https:\/\/schema.org\",\"@graph\":[{\"@type\":\"WebPage\",\"@id\":\"https:\/\/casaarmani.com.br\/index.php\/aditivos-para-argamassa\/murafan-38-2\/\",\"url\":\"https:\/\/casaarmani.com.br\/index.php\/aditivos-para-argamassa\/murafan-38-2\/\",\"name\":\"murafan 38 - Casa Armani\",\"isPartOf\":{\"@id\":\"https:\/\/casaarmani.com.br\/#website\"},\"primaryImageOfPage\":{\"@id\":\"https:\/\/casaarmani.com.br\/index.php\/aditivos-para-argamassa\/murafan-38-2\/#primaryimage\"},\"image\":{\"@id\":\"https:\/\/casaarmani.com.br\/index.php\/aditivos-para-argamassa\/murafan-38-2\/#primaryimage\"},\"thumbnailUrl\":\"https:\/\/casaarmani.com.br\/wp-content\/uploads\/2022\/09\/BARRA-COM-PONTO-ESQUERDA-copiar.png\",\"datePublished\":\"2022-10-11T17:27:09+00:00\",\"breadcrumb\":{\"@id\":\"https:\/\/casaarmani.com.br\/index.php\/aditivos-para-argamassa\/murafan-38-2\/#breadcrumb\"},\"inLanguage\":\"pt-BR\",\"potentialAction\":[{\"@type\":\"ReadAction\",\"target\":[\"https:\/\/casaarmani.com.br\/index.php\/aditivos-para-argamassa\/murafan-38-2\/\"]}]},{\"@type\":\"ImageObject\",\"inLanguage\":\"pt-BR\",\"@id\":\"https:\/\/casaarmani.com.br\/index.php\/aditivos-para-argamassa\/murafan-38-2\/#primaryimage\",\"url\":\"https:\/\/casaarmani.com.br\/wp-content\/uploads\/2022\/09\/BARRA-COM-PONTO-ESQUERDA-copiar.png\",\"contentUrl\":\"https:\/\/casaarmani.com.br\/wp-content\/uploads\/2022\/09\/BARRA-COM-PONTO-ESQUERDA-copiar.png\",\"width\":419,\"height\":5},{\"@type\":\"BreadcrumbList\",\"@id\":\"https:\/\/casaarmani.com.br\/index.php\/aditivos-para-argamassa\/murafan-38-2\/#breadcrumb\",\"itemListElement\":[{\"@type\":\"ListItem\",\"position\":1,\"name\":\"In\u00edcio\",\"item\":\"https:\/\/casaarmani.com.br\/\"},{\"@type\":\"ListItem\",\"position\":2,\"name\":\"ADITIVOS PARA ARGAMASSA\",\"item\":\"https:\/\/casaarmani.com.br\/index.php\/aditivos-para-argamassa\/\"},{\"@type\":\"ListItem\",\"position\":3,\"name\":\"murafan 38\"}]},{\"@type\":\"WebSite\",\"@id\":\"https:\/\/casaarmani.com.br\/#website\",\"url\":\"https:\/\/casaarmani.com.br\/\",\"name\":\"Casa Armani\",\"description\":\"Solu\u00e7\u00f5es Construtivas\",\"publisher\":{\"@id\":\"https:\/\/casaarmani.com.br\/#organization\"},\"potentialAction\":[{\"@type\":\"SearchAction\",\"target\":{\"@type\":\"EntryPoint\",\"urlTemplate\":\"https:\/\/casaarmani.com.br\/?s={search_term_string}\"},\"query-input\":{\"@type\":\"PropertyValueSpecification\",\"valueRequired\":true,\"valueName\":\"search_term_string\"}}],\"inLanguage\":\"pt-BR\"},{\"@type\":\"Organization\",\"@id\":\"https:\/\/casaarmani.com.br\/#organization\",\"name\":\"Casa Armani\",\"url\":\"https:\/\/casaarmani.com.br\/\",\"logo\":{\"@type\":\"ImageObject\",\"inLanguage\":\"pt-BR\",\"@id\":\"https:\/\/casaarmani.com.br\/#\/schema\/logo\/image\/\",\"url\":\"https:\/\/casaarmani.com.br\/wp-content\/uploads\/2022\/09\/favicon.png\",\"contentUrl\":\"https:\/\/casaarmani.com.br\/wp-content\/uploads\/2022\/09\/favicon.png\",\"width\":500,\"height\":500,\"caption\":\"Casa Armani\"},\"image\":{\"@id\":\"https:\/\/casaarmani.com.br\/#\/schema\/logo\/image\/\"},\"sameAs\":[\"https:\/\/www.facebook.com\/casaarmani\",\"https:\/\/www.instagram.com\/armanisolucoes\/\"]}]}<\/script>\n<!-- \/ Yoast SEO plugin. -->","yoast_head_json":{"title":"murafan 38 - Casa Armani","robots":{"index":"index","follow":"follow","max-snippet":"max-snippet:-1","max-image-preview":"max-image-preview:large","max-video-preview":"max-video-preview:-1"},"canonical":"https:\/\/casaarmani.com.br\/index.php\/aditivos-para-argamassa\/murafan-38-2\/","og_locale":"pt_BR","og_type":"article","og_title":"murafan 38 - Casa Armani","og_description":"Murafan 38 Murafan 38 Adesivo &agrave; base de PVA para chapiscos e argamassas Descri&ccedil;&atilde;o Adesivo l&iacute;quido polim&eacute;rico &agrave; base de PVA que proporciona alta ader&ecirc;ncia, indicado principalmente para chapiscos e argamassas Vantagens &#8211; Facilita a aplica&ccedil;&atilde;o do chapisco rolado, reduzindo as perdas de material e a gera&ccedil;&atilde;o de sujeira na obra;&#8211; Produto resistente &agrave; umidade&#8211; [&hellip;]","og_url":"https:\/\/casaarmani.com.br\/index.php\/aditivos-para-argamassa\/murafan-38-2\/","og_site_name":"Casa Armani","article_publisher":"https:\/\/www.facebook.com\/casaarmani","og_image":[{"width":419,"height":5,"url":"https:\/\/casaarmani.com.br\/wp-content\/uploads\/2022\/09\/BARRA-COM-PONTO-ESQUERDA-copiar.png","type":"image\/png"}],"twitter_card":"summary_large_image","twitter_misc":{"Est. tempo de leitura":"1 minuto"},"schema":{"@context":"https:\/\/schema.org","@graph":[{"@type":"WebPage","@id":"https:\/\/casaarmani.com.br\/index.php\/aditivos-para-argamassa\/murafan-38-2\/","url":"https:\/\/casaarmani.com.br\/index.php\/aditivos-para-argamassa\/murafan-38-2\/","name":"murafan 38 - Casa Armani","isPartOf":{"@id":"https:\/\/casaarmani.com.br\/#website"},"primaryImageOfPage":{"@id":"https:\/\/casaarmani.com.br\/index.php\/aditivos-para-argamassa\/murafan-38-2\/#primaryimage"},"image":{"@id":"https:\/\/casaarmani.com.br\/index.php\/aditivos-para-argamassa\/murafan-38-2\/#primaryimage"},"thumbnailUrl":"https:\/\/casaarmani.com.br\/wp-content\/uploads\/2022\/09\/BARRA-COM-PONTO-ESQUERDA-copiar.png","datePublished":"2022-10-11T17:27:09+00:00","breadcrumb":{"@id":"https:\/\/casaarmani.com.br\/index.php\/aditivos-para-argamassa\/murafan-38-2\/#breadcrumb"},"inLanguage":"pt-BR","potentialAction":[{"@type":"ReadAction","target":["https:\/\/casaarmani.com.br\/index.php\/aditivos-para-argamassa\/murafan-38-2\/"]}]},{"@type":"ImageObject","inLanguage":"pt-BR","@id":"https:\/\/casaarmani.com.br\/index.php\/aditivos-para-argamassa\/murafan-38-2\/#primaryimage","url":"https:\/\/casaarmani.com.br\/wp-content\/uploads\/2022\/09\/BARRA-COM-PONTO-ESQUERDA-copiar.png","contentUrl":"https:\/\/casaarmani.com.br\/wp-content\/uploads\/2022\/09\/BARRA-COM-PONTO-ESQUERDA-copiar.png","width":419,"height":5},{"@type":"BreadcrumbList","@id":"https:\/\/casaarmani.com.br\/index.php\/aditivos-para-argamassa\/murafan-38-2\/#breadcrumb","itemListElement":[{"@type":"ListItem","position":1,"name":"In\u00edcio","item":"https:\/\/casaarmani.com.br\/"},{"@type":"ListItem","position":2,"name":"ADITIVOS PARA ARGAMASSA","item":"https:\/\/casaarmani.com.br\/index.php\/aditivos-para-argamassa\/"},{"@type":"ListItem","position":3,"name":"murafan 38"}]},{"@type":"WebSite","@id":"https:\/\/casaarmani.com.br\/#website","url":"https:\/\/casaarmani.com.br\/","name":"Casa Armani","description":"Solu\u00e7\u00f5es Construtivas","publisher":{"@id":"https:\/\/casaarmani.com.br\/#organization"},"potentialAction":[{"@type":"SearchAction","target":{"@type":"EntryPoint","urlTemplate":"https:\/\/casaarmani.com.br\/?s={search_term_string}"},"query-input":{"@type":"PropertyValueSpecification","valueRequired":true,"valueName":"search_term_string"}}],"inLanguage":"pt-BR"},{"@type":"Organization","@id":"https:\/\/casaarmani.com.br\/#organization","name":"Casa Armani","url":"https:\/\/casaarmani.com.br\/","logo":{"@type":"ImageObject","inLanguage":"pt-BR","@id":"https:\/\/casaarmani.com.br\/#\/schema\/logo\/image\/","url":"https:\/\/casaarmani.com.br\/wp-content\/uploads\/2022\/09\/favicon.png","contentUrl":"https:\/\/casaarmani.com.br\/wp-content\/uploads\/2022\/09\/favicon.png","width":500,"height":500,"caption":"Casa Armani"},"image":{"@id":"https:\/\/casaarmani.com.br\/#\/schema\/logo\/image\/"},"sameAs":["https:\/\/www.facebook.com\/casaarmani","https:\/\/www.instagram.com\/armanisolucoes\/"]}]}},"_links":{"self":[{"href":"https:\/\/casaarmani.com.br\/index.php\/wp-json\/wp\/v2\/pages\/1639","targetHints":{"allow":["GET"]}}],"collection":[{"href":"https:\/\/casaarmani.com.br\/index.php\/wp-json\/wp\/v2\/pages"}],"about":[{"href":"https:\/\/casaarmani.com.br\/index.php\/wp-json\/wp\/v2\/types\/page"}],"author":[{"embeddable":true,"href":"https:\/\/casaarmani.com.br\/index.php\/wp-json\/wp\/v2\/users\/1"}],"replies":[{"embeddable":true,"href":"https:\/\/casaarmani.com.br\/index.php\/wp-json\/wp\/v2\/comments?post=1639"}],"version-history":[{"count":0,"href":"https:\/\/casaarmani.com.br\/index.php\/wp-json\/wp\/v2\/pages\/1639\/revisions"}],"up":[{"embeddable":true,"href":"https:\/\/casaarmani.com.br\/index.php\/wp-json\/wp\/v2\/pages\/1507"}],"wp:attachment":[{"href":"https:\/\/casaarmani.com.br\/index.php\/wp-json\/wp\/v2\/media?parent=1639"}],"curies":[{"name":"wp","href":"https:\/\/api.w.org\/{rel}","templated":true}]}}