{"id":1598,"date":"2022-10-11T14:10:23","date_gmt":"2022-10-11T17:10:23","guid":{"rendered":"https:\/\/casaarmani.mateusjiorgines.com.br\/?page_id=1598"},"modified":"2022-10-11T14:10:23","modified_gmt":"2022-10-11T17:10:23","slug":"tamponamento","status":"publish","type":"page","link":"https:\/\/casaarmani.com.br\/index.php\/tamponamento\/","title":{"rendered":"TAMPONAMENTO"},"content":{"rendered":"\t\t<div data-elementor-type=\"wp-page\" data-elementor-id=\"1598\" class=\"elementor elementor-1598\" data-elementor-post-type=\"page\">\n\t\t\t\t\t\t<section class=\"elementor-section elementor-top-section elementor-element elementor-element-aacade0 elementor-section-boxed elementor-section-height-default elementor-section-height-default\" data-id=\"aacade0\" data-element_type=\"section\" data-e-type=\"section\" data-settings=\"{&quot;background_background&quot;:&quot;classic&quot;}\">\n\t\t\t\t\t\t<div class=\"elementor-container elementor-column-gap-default\">\n\t\t\t\t\t<div class=\"elementor-column elementor-col-100 elementor-top-column elementor-element elementor-element-90ad5a4\" data-id=\"90ad5a4\" data-element_type=\"column\" data-e-type=\"column\">\n\t\t\t<div class=\"elementor-widget-wrap elementor-element-populated\">\n\t\t\t\t\t\t<div class=\"elementor-element elementor-element-ce87f5e elementor-invisible elementor-widget elementor-widget-heading\" data-id=\"ce87f5e\" data-element_type=\"widget\" data-e-type=\"widget\" data-settings=\"{&quot;_animation&quot;:&quot;fadeInUp&quot;}\" data-widget_type=\"heading.default\">\n\t\t\t\t<div class=\"elementor-widget-container\">\n\t\t\t\t\t<h1 class=\"elementor-heading-title elementor-size-default\">Tamponamento<\/h1>\t\t\t\t<\/div>\n\t\t\t\t<\/div>\n\t\t\t\t<div class=\"elementor-element elementor-element-30ce8ed elementor-invisible elementor-widget elementor-widget-text-editor\" data-id=\"30ce8ed\" data-element_type=\"widget\" data-e-type=\"widget\" data-settings=\"{&quot;_animation&quot;:&quot;fadeInUp&quot;}\" data-widget_type=\"text-editor.default\">\n\t\t\t\t<div class=\"elementor-widget-container\">\n\t\t\t\t\t\t\t\t\tEncontre o produto perfeito abaixo!\t\t\t\t\t\t\t\t<\/div>\n\t\t\t\t<\/div>\n\t\t\t\t<section class=\"elementor-section elementor-inner-section elementor-element elementor-element-ff84f00 elementor-section-height-min-height elementor-section-boxed elementor-section-height-default\" data-id=\"ff84f00\" data-element_type=\"section\" data-e-type=\"section\">\n\t\t\t\t\t\t<div class=\"elementor-container elementor-column-gap-default\">\n\t\t\t\t\t<div class=\"elementor-column elementor-col-25 elementor-inner-column elementor-element elementor-element-da812c2\" data-id=\"da812c2\" data-element_type=\"column\" data-e-type=\"column\" data-settings=\"{&quot;background_background&quot;:&quot;classic&quot;}\">\n\t\t\t<div class=\"elementor-widget-wrap elementor-element-populated\">\n\t\t\t\t\t\t<div class=\"elementor-element elementor-element-98cc4d7 elementor-widget elementor-widget-image\" data-id=\"98cc4d7\" data-element_type=\"widget\" data-e-type=\"widget\" data-widget_type=\"image.default\">\n\t\t\t\t<div class=\"elementor-widget-container\">\n\t\t\t\t\t\t\t\t\t\t\t\t\t\t\t<img fetchpriority=\"high\" decoding=\"async\" width=\"300\" height=\"300\" src=\"https:\/\/casaarmani.com.br\/wp-content\/uploads\/2022\/10\/PO_2-removebg-preview-1.png\" class=\"attachment-full size-full wp-image-4255\" alt=\"\" srcset=\"https:\/\/casaarmani.com.br\/wp-content\/uploads\/2022\/10\/PO_2-removebg-preview-1.png 300w, https:\/\/casaarmani.com.br\/wp-content\/uploads\/2022\/10\/PO_2-removebg-preview-1-150x150.png 150w\" sizes=\"(max-width: 300px) 100vw, 300px\" \/>\t\t\t\t\t\t\t\t\t\t\t\t\t\t\t<\/div>\n\t\t\t\t<\/div>\n\t\t\t\t<div class=\"elementor-element elementor-element-eb0d6b5 elementor-widget elementor-widget-heading\" data-id=\"eb0d6b5\" data-element_type=\"widget\" data-e-type=\"widget\" data-widget_type=\"heading.default\">\n\t\t\t\t<div class=\"elementor-widget-container\">\n\t\t\t\t\t<h3 class=\"elementor-heading-title elementor-size-default\">P\u00d3 2\n<\/h3>\t\t\t\t<\/div>\n\t\t\t\t<\/div>\n\t\t\t\t<div class=\"elementor-element elementor-element-265f66a elementor-widget elementor-widget-text-editor\" data-id=\"265f66a\" data-element_type=\"widget\" data-e-type=\"widget\" data-widget_type=\"text-editor.default\">\n\t\t\t\t<div class=\"elementor-widget-container\">\n\t\t\t\t\t\t\t\t\t<div class=\"team-info\"><div class=\"team-info\">Cimento de pega ultra-r\u00e1pida para tamponamento de jorros d\u2019 \u00e1gua, servindo como servi\u00e7o preliminar&#8230;<\/div><div class=\"courses-price\">\u00a0<\/div><\/div>\t\t\t\t\t\t\t\t<\/div>\n\t\t\t\t<\/div>\n\t\t\t\t<div class=\"elementor-element elementor-element-058e439 elementor-align-justify elementor-widget elementor-widget-button\" data-id=\"058e439\" data-element_type=\"widget\" data-e-type=\"widget\" data-widget_type=\"button.default\">\n\t\t\t\t<div class=\"elementor-widget-container\">\n\t\t\t\t\t\t\t\t\t<div class=\"elementor-button-wrapper\">\n\t\t\t\t\t<a class=\"elementor-button elementor-button-link elementor-size-sm\" href=\"https:\/\/casaarmani.com.br\/index.php\/tamponamento\/po-2\/\">\n\t\t\t\t\t\t<span class=\"elementor-button-content-wrapper\">\n\t\t\t\t\t\t<span class=\"elementor-button-icon\">\n\t\t\t\t<svg aria-hidden=\"true\" class=\"e-font-icon-svg e-fas-angle-up\" viewBox=\"0 0 320 512\" xmlns=\"http:\/\/www.w3.org\/2000\/svg\"><path d=\"M177 159.7l136 136c9.4 9.4 9.4 24.6 0 33.9l-22.6 22.6c-9.4 9.4-24.6 9.4-33.9 0L160 255.9l-96.4 96.4c-9.4 9.4-24.6 9.4-33.9 0L7 329.7c-9.4-9.4-9.4-24.6 0-33.9l136-136c9.4-9.5 24.6-9.5 34-.1z\"><\/path><\/svg>\t\t\t<\/span>\n\t\t\t\t\t\t\t\t\t<span class=\"elementor-button-text\">Ver Produto<\/span>\n\t\t\t\t\t<\/span>\n\t\t\t\t\t<\/a>\n\t\t\t\t<\/div>\n\t\t\t\t\t\t\t\t<\/div>\n\t\t\t\t<\/div>\n\t\t\t\t\t<\/div>\n\t\t<\/div>\n\t\t\t\t<div class=\"elementor-column elementor-col-25 elementor-inner-column elementor-element elementor-element-d4bd99e\" data-id=\"d4bd99e\" data-element_type=\"column\" data-e-type=\"column\" data-settings=\"{&quot;background_background&quot;:&quot;classic&quot;}\">\n\t\t\t<div class=\"elementor-widget-wrap elementor-element-populated\">\n\t\t\t\t\t\t<div class=\"elementor-element elementor-element-ae7470f elementor-widget elementor-widget-image\" data-id=\"ae7470f\" data-element_type=\"widget\" data-e-type=\"widget\" data-widget_type=\"image.default\">\n\t\t\t\t<div class=\"elementor-widget-container\">\n\t\t\t\t\t\t\t\t\t\t\t\t\t\t\t<img decoding=\"async\" width=\"300\" height=\"300\" src=\"https:\/\/casaarmani.com.br\/wp-content\/uploads\/2022\/10\/SIKA_2-removebg-preview-1.png\" class=\"attachment-full size-full wp-image-4254\" alt=\"\" srcset=\"https:\/\/casaarmani.com.br\/wp-content\/uploads\/2022\/10\/SIKA_2-removebg-preview-1.png 300w, https:\/\/casaarmani.com.br\/wp-content\/uploads\/2022\/10\/SIKA_2-removebg-preview-1-150x150.png 150w\" sizes=\"(max-width: 300px) 100vw, 300px\" \/>\t\t\t\t\t\t\t\t\t\t\t\t\t\t\t<\/div>\n\t\t\t\t<\/div>\n\t\t\t\t<div class=\"elementor-element elementor-element-36d2229 elementor-widget elementor-widget-heading\" data-id=\"36d2229\" data-element_type=\"widget\" data-e-type=\"widget\" data-widget_type=\"heading.default\">\n\t\t\t\t<div class=\"elementor-widget-container\">\n\t\t\t\t\t<h3 class=\"elementor-heading-title elementor-size-default\">SIKA 2\n<\/h3>\t\t\t\t<\/div>\n\t\t\t\t<\/div>\n\t\t\t\t<div class=\"elementor-element elementor-element-d85c608 elementor-widget elementor-widget-text-editor\" data-id=\"d85c608\" data-element_type=\"widget\" data-e-type=\"widget\" data-widget_type=\"text-editor.default\">\n\t\t\t\t<div class=\"elementor-widget-container\">\n\t\t\t\t\t\t\t\t\t<div class=\"team-info\">Sika\u00ae2 \u00e9 aditivo l\u00edquido de pega ultra-r\u00e1pida para ser utilizado em pastas de cimento&#8230;<\/div><div class=\"courses-price\">\u00a0<\/div>\t\t\t\t\t\t\t\t<\/div>\n\t\t\t\t<\/div>\n\t\t\t\t<div class=\"elementor-element elementor-element-74512b3 elementor-align-justify elementor-widget elementor-widget-button\" data-id=\"74512b3\" data-element_type=\"widget\" data-e-type=\"widget\" data-widget_type=\"button.default\">\n\t\t\t\t<div class=\"elementor-widget-container\">\n\t\t\t\t\t\t\t\t\t<div class=\"elementor-button-wrapper\">\n\t\t\t\t\t<a class=\"elementor-button elementor-button-link elementor-size-sm\" href=\"https:\/\/casaarmani.com.br\/index.php\/tamponamento\/sika-2\/\">\n\t\t\t\t\t\t<span class=\"elementor-button-content-wrapper\">\n\t\t\t\t\t\t<span class=\"elementor-button-icon\">\n\t\t\t\t<svg aria-hidden=\"true\" class=\"e-font-icon-svg e-fas-angle-up\" viewBox=\"0 0 320 512\" xmlns=\"http:\/\/www.w3.org\/2000\/svg\"><path d=\"M177 159.7l136 136c9.4 9.4 9.4 24.6 0 33.9l-22.6 22.6c-9.4 9.4-24.6 9.4-33.9 0L160 255.9l-96.4 96.4c-9.4 9.4-24.6 9.4-33.9 0L7 329.7c-9.4-9.4-9.4-24.6 0-33.9l136-136c9.4-9.5 24.6-9.5 34-.1z\"><\/path><\/svg>\t\t\t<\/span>\n\t\t\t\t\t\t\t\t\t<span class=\"elementor-button-text\">Ver Produto<\/span>\n\t\t\t\t\t<\/span>\n\t\t\t\t\t<\/a>\n\t\t\t\t<\/div>\n\t\t\t\t\t\t\t\t<\/div>\n\t\t\t\t<\/div>\n\t\t\t\t\t<\/div>\n\t\t<\/div>\n\t\t\t\t<div class=\"elementor-column elementor-col-25 elementor-inner-column elementor-element elementor-element-d055769\" data-id=\"d055769\" data-element_type=\"column\" data-e-type=\"column\">\n\t\t\t<div class=\"elementor-widget-wrap\">\n\t\t\t\t\t\t\t<\/div>\n\t\t<\/div>\n\t\t\t\t<div class=\"elementor-column elementor-col-25 elementor-inner-column elementor-element elementor-element-3a7c7cd\" data-id=\"3a7c7cd\" data-element_type=\"column\" data-e-type=\"column\">\n\t\t\t<div class=\"elementor-widget-wrap\">\n\t\t\t\t\t\t\t<\/div>\n\t\t<\/div>\n\t\t\t\t\t<\/div>\n\t\t<\/section>\n\t\t\t\t\t<\/div>\n\t\t<\/div>\n\t\t\t\t\t<\/div>\n\t\t<\/section>\n\t\t\t\t<\/div>\n\t\t","protected":false},"excerpt":{"rendered":"<p>Tamponamento Encontre o produto perfeito abaixo! P\u00d3 2 Cimento de pega ultra-r\u00e1pida para tamponamento de jorros d\u2019 \u00e1gua, servindo como servi\u00e7o preliminar&#8230;\u00a0 Ver Produto SIKA 2 Sika\u00ae2 \u00e9 aditivo l\u00edquido de pega ultra-r\u00e1pida para ser utilizado em pastas de cimento&#8230;\u00a0 Ver Produto<\/p>\n","protected":false},"author":1,"featured_media":0,"parent":0,"menu_order":0,"comment_status":"closed","ping_status":"closed","template":"elementor_header_footer","meta":{"footnotes":""},"class_list":["post-1598","page","type-page","status-publish","hentry"],"yoast_head":"<!-- This site is optimized with the Yoast SEO plugin v27.2 - https:\/\/yoast.com\/product\/yoast-seo-wordpress\/ -->\n<title>TAMPONAMENTO - Casa Armani<\/title>\n<meta name=\"robots\" content=\"index, follow, max-snippet:-1, max-image-preview:large, max-video-preview:-1\" \/>\n<link rel=\"canonical\" href=\"https:\/\/casaarmani.com.br\/index.php\/tamponamento\/\" \/>\n<meta property=\"og:locale\" content=\"pt_BR\" \/>\n<meta property=\"og:type\" content=\"article\" \/>\n<meta property=\"og:title\" content=\"TAMPONAMENTO - Casa Armani\" \/>\n<meta property=\"og:description\" content=\"Tamponamento Encontre o produto perfeito abaixo! P\u00d3 2 Cimento de pega ultra-r\u00e1pida para tamponamento de jorros d\u2019 \u00e1gua, servindo como servi\u00e7o preliminar&#8230;\u00a0 Ver Produto SIKA 2 Sika\u00ae2 \u00e9 aditivo l\u00edquido de pega ultra-r\u00e1pida para ser utilizado em pastas de cimento&#8230;\u00a0 Ver Produto\" \/>\n<meta property=\"og:url\" content=\"https:\/\/casaarmani.com.br\/index.php\/tamponamento\/\" \/>\n<meta property=\"og:site_name\" content=\"Casa Armani\" \/>\n<meta property=\"article:publisher\" content=\"https:\/\/www.facebook.com\/casaarmani\" \/>\n<meta property=\"og:image\" content=\"https:\/\/casaarmani.com.br\/wp-content\/uploads\/2022\/10\/PO_2-removebg-preview-1.png\" \/>\n\t<meta property=\"og:image:width\" content=\"300\" \/>\n\t<meta property=\"og:image:height\" content=\"300\" \/>\n\t<meta property=\"og:image:type\" content=\"image\/png\" \/>\n<meta name=\"twitter:card\" content=\"summary_large_image\" \/>\n<script type=\"application\/ld+json\" class=\"yoast-schema-graph\">{\"@context\":\"https:\/\/schema.org\",\"@graph\":[{\"@type\":\"WebPage\",\"@id\":\"https:\/\/casaarmani.com.br\/index.php\/tamponamento\/\",\"url\":\"https:\/\/casaarmani.com.br\/index.php\/tamponamento\/\",\"name\":\"TAMPONAMENTO - Casa Armani\",\"isPartOf\":{\"@id\":\"https:\/\/casaarmani.com.br\/#website\"},\"primaryImageOfPage\":{\"@id\":\"https:\/\/casaarmani.com.br\/index.php\/tamponamento\/#primaryimage\"},\"image\":{\"@id\":\"https:\/\/casaarmani.com.br\/index.php\/tamponamento\/#primaryimage\"},\"thumbnailUrl\":\"https:\/\/casaarmani.com.br\/wp-content\/uploads\/2022\/10\/PO_2-removebg-preview-1.png\",\"datePublished\":\"2022-10-11T17:10:23+00:00\",\"breadcrumb\":{\"@id\":\"https:\/\/casaarmani.com.br\/index.php\/tamponamento\/#breadcrumb\"},\"inLanguage\":\"pt-BR\",\"potentialAction\":[{\"@type\":\"ReadAction\",\"target\":[\"https:\/\/casaarmani.com.br\/index.php\/tamponamento\/\"]}]},{\"@type\":\"ImageObject\",\"inLanguage\":\"pt-BR\",\"@id\":\"https:\/\/casaarmani.com.br\/index.php\/tamponamento\/#primaryimage\",\"url\":\"https:\/\/casaarmani.com.br\/wp-content\/uploads\/2022\/10\/PO_2-removebg-preview-1.png\",\"contentUrl\":\"https:\/\/casaarmani.com.br\/wp-content\/uploads\/2022\/10\/PO_2-removebg-preview-1.png\",\"width\":300,\"height\":300},{\"@type\":\"BreadcrumbList\",\"@id\":\"https:\/\/casaarmani.com.br\/index.php\/tamponamento\/#breadcrumb\",\"itemListElement\":[{\"@type\":\"ListItem\",\"position\":1,\"name\":\"In\u00edcio\",\"item\":\"https:\/\/casaarmani.com.br\/\"},{\"@type\":\"ListItem\",\"position\":2,\"name\":\"TAMPONAMENTO\"}]},{\"@type\":\"WebSite\",\"@id\":\"https:\/\/casaarmani.com.br\/#website\",\"url\":\"https:\/\/casaarmani.com.br\/\",\"name\":\"Casa Armani\",\"description\":\"Solu\u00e7\u00f5es Construtivas\",\"publisher\":{\"@id\":\"https:\/\/casaarmani.com.br\/#organization\"},\"potentialAction\":[{\"@type\":\"SearchAction\",\"target\":{\"@type\":\"EntryPoint\",\"urlTemplate\":\"https:\/\/casaarmani.com.br\/?s={search_term_string}\"},\"query-input\":{\"@type\":\"PropertyValueSpecification\",\"valueRequired\":true,\"valueName\":\"search_term_string\"}}],\"inLanguage\":\"pt-BR\"},{\"@type\":\"Organization\",\"@id\":\"https:\/\/casaarmani.com.br\/#organization\",\"name\":\"Casa Armani\",\"url\":\"https:\/\/casaarmani.com.br\/\",\"logo\":{\"@type\":\"ImageObject\",\"inLanguage\":\"pt-BR\",\"@id\":\"https:\/\/casaarmani.com.br\/#\/schema\/logo\/image\/\",\"url\":\"https:\/\/casaarmani.com.br\/wp-content\/uploads\/2022\/09\/favicon.png\",\"contentUrl\":\"https:\/\/casaarmani.com.br\/wp-content\/uploads\/2022\/09\/favicon.png\",\"width\":500,\"height\":500,\"caption\":\"Casa Armani\"},\"image\":{\"@id\":\"https:\/\/casaarmani.com.br\/#\/schema\/logo\/image\/\"},\"sameAs\":[\"https:\/\/www.facebook.com\/casaarmani\",\"https:\/\/www.instagram.com\/armanisolucoes\/\"]}]}<\/script>\n<!-- \/ Yoast SEO plugin. -->","yoast_head_json":{"title":"TAMPONAMENTO - Casa Armani","robots":{"index":"index","follow":"follow","max-snippet":"max-snippet:-1","max-image-preview":"max-image-preview:large","max-video-preview":"max-video-preview:-1"},"canonical":"https:\/\/casaarmani.com.br\/index.php\/tamponamento\/","og_locale":"pt_BR","og_type":"article","og_title":"TAMPONAMENTO - Casa Armani","og_description":"Tamponamento Encontre o produto perfeito abaixo! P\u00d3 2 Cimento de pega ultra-r\u00e1pida para tamponamento de jorros d\u2019 \u00e1gua, servindo como servi\u00e7o preliminar&#8230;\u00a0 Ver Produto SIKA 2 Sika\u00ae2 \u00e9 aditivo l\u00edquido de pega ultra-r\u00e1pida para ser utilizado em pastas de cimento&#8230;\u00a0 Ver Produto","og_url":"https:\/\/casaarmani.com.br\/index.php\/tamponamento\/","og_site_name":"Casa Armani","article_publisher":"https:\/\/www.facebook.com\/casaarmani","og_image":[{"width":300,"height":300,"url":"https:\/\/casaarmani.com.br\/wp-content\/uploads\/2022\/10\/PO_2-removebg-preview-1.png","type":"image\/png"}],"twitter_card":"summary_large_image","schema":{"@context":"https:\/\/schema.org","@graph":[{"@type":"WebPage","@id":"https:\/\/casaarmani.com.br\/index.php\/tamponamento\/","url":"https:\/\/casaarmani.com.br\/index.php\/tamponamento\/","name":"TAMPONAMENTO - Casa Armani","isPartOf":{"@id":"https:\/\/casaarmani.com.br\/#website"},"primaryImageOfPage":{"@id":"https:\/\/casaarmani.com.br\/index.php\/tamponamento\/#primaryimage"},"image":{"@id":"https:\/\/casaarmani.com.br\/index.php\/tamponamento\/#primaryimage"},"thumbnailUrl":"https:\/\/casaarmani.com.br\/wp-content\/uploads\/2022\/10\/PO_2-removebg-preview-1.png","datePublished":"2022-10-11T17:10:23+00:00","breadcrumb":{"@id":"https:\/\/casaarmani.com.br\/index.php\/tamponamento\/#breadcrumb"},"inLanguage":"pt-BR","potentialAction":[{"@type":"ReadAction","target":["https:\/\/casaarmani.com.br\/index.php\/tamponamento\/"]}]},{"@type":"ImageObject","inLanguage":"pt-BR","@id":"https:\/\/casaarmani.com.br\/index.php\/tamponamento\/#primaryimage","url":"https:\/\/casaarmani.com.br\/wp-content\/uploads\/2022\/10\/PO_2-removebg-preview-1.png","contentUrl":"https:\/\/casaarmani.com.br\/wp-content\/uploads\/2022\/10\/PO_2-removebg-preview-1.png","width":300,"height":300},{"@type":"BreadcrumbList","@id":"https:\/\/casaarmani.com.br\/index.php\/tamponamento\/#breadcrumb","itemListElement":[{"@type":"ListItem","position":1,"name":"In\u00edcio","item":"https:\/\/casaarmani.com.br\/"},{"@type":"ListItem","position":2,"name":"TAMPONAMENTO"}]},{"@type":"WebSite","@id":"https:\/\/casaarmani.com.br\/#website","url":"https:\/\/casaarmani.com.br\/","name":"Casa Armani","description":"Solu\u00e7\u00f5es Construtivas","publisher":{"@id":"https:\/\/casaarmani.com.br\/#organization"},"potentialAction":[{"@type":"SearchAction","target":{"@type":"EntryPoint","urlTemplate":"https:\/\/casaarmani.com.br\/?s={search_term_string}"},"query-input":{"@type":"PropertyValueSpecification","valueRequired":true,"valueName":"search_term_string"}}],"inLanguage":"pt-BR"},{"@type":"Organization","@id":"https:\/\/casaarmani.com.br\/#organization","name":"Casa Armani","url":"https:\/\/casaarmani.com.br\/","logo":{"@type":"ImageObject","inLanguage":"pt-BR","@id":"https:\/\/casaarmani.com.br\/#\/schema\/logo\/image\/","url":"https:\/\/casaarmani.com.br\/wp-content\/uploads\/2022\/09\/favicon.png","contentUrl":"https:\/\/casaarmani.com.br\/wp-content\/uploads\/2022\/09\/favicon.png","width":500,"height":500,"caption":"Casa Armani"},"image":{"@id":"https:\/\/casaarmani.com.br\/#\/schema\/logo\/image\/"},"sameAs":["https:\/\/www.facebook.com\/casaarmani","https:\/\/www.instagram.com\/armanisolucoes\/"]}]}},"_links":{"self":[{"href":"https:\/\/casaarmani.com.br\/index.php\/wp-json\/wp\/v2\/pages\/1598","targetHints":{"allow":["GET"]}}],"collection":[{"href":"https:\/\/casaarmani.com.br\/index.php\/wp-json\/wp\/v2\/pages"}],"about":[{"href":"https:\/\/casaarmani.com.br\/index.php\/wp-json\/wp\/v2\/types\/page"}],"author":[{"embeddable":true,"href":"https:\/\/casaarmani.com.br\/index.php\/wp-json\/wp\/v2\/users\/1"}],"replies":[{"embeddable":true,"href":"https:\/\/casaarmani.com.br\/index.php\/wp-json\/wp\/v2\/comments?post=1598"}],"version-history":[{"count":0,"href":"https:\/\/casaarmani.com.br\/index.php\/wp-json\/wp\/v2\/pages\/1598\/revisions"}],"wp:attachment":[{"href":"https:\/\/casaarmani.com.br\/index.php\/wp-json\/wp\/v2\/media?parent=1598"}],"curies":[{"name":"wp","href":"https:\/\/api.w.org\/{rel}","templated":true}]}}