{"id":1580,"date":"2022-10-11T14:08:06","date_gmt":"2022-10-11T17:08:06","guid":{"rendered":"https:\/\/casaarmani.mateusjiorgines.com.br\/?page_id=1580"},"modified":"2022-10-11T14:08:06","modified_gmt":"2022-10-11T17:08:06","slug":"hidro-repelente","status":"publish","type":"page","link":"https:\/\/casaarmani.com.br\/index.php\/hidro-repelente\/","title":{"rendered":"HIDRO-REPELENTE"},"content":{"rendered":"\t\t<div data-elementor-type=\"wp-page\" data-elementor-id=\"1580\" class=\"elementor elementor-1580\" data-elementor-post-type=\"page\">\n\t\t\t\t\t\t<section class=\"elementor-section elementor-top-section elementor-element elementor-element-90b0af7 elementor-section-boxed elementor-section-height-default elementor-section-height-default\" data-id=\"90b0af7\" data-element_type=\"section\" data-e-type=\"section\" data-settings=\"{&quot;background_background&quot;:&quot;classic&quot;}\">\n\t\t\t\t\t\t<div class=\"elementor-container elementor-column-gap-default\">\n\t\t\t\t\t<div class=\"elementor-column elementor-col-100 elementor-top-column elementor-element elementor-element-30d4b2e\" data-id=\"30d4b2e\" data-element_type=\"column\" data-e-type=\"column\">\n\t\t\t<div class=\"elementor-widget-wrap elementor-element-populated\">\n\t\t\t\t\t\t<div class=\"elementor-element elementor-element-9f156e7 elementor-invisible elementor-widget elementor-widget-heading\" data-id=\"9f156e7\" data-element_type=\"widget\" data-e-type=\"widget\" data-settings=\"{&quot;_animation&quot;:&quot;fadeInUp&quot;}\" data-widget_type=\"heading.default\">\n\t\t\t\t<div class=\"elementor-widget-container\">\n\t\t\t\t\t<h1 class=\"elementor-heading-title elementor-size-default\">Hidro Repelente<\/h1>\t\t\t\t<\/div>\n\t\t\t\t<\/div>\n\t\t\t\t<div class=\"elementor-element elementor-element-b411943 elementor-invisible elementor-widget elementor-widget-text-editor\" data-id=\"b411943\" data-element_type=\"widget\" data-e-type=\"widget\" data-settings=\"{&quot;_animation&quot;:&quot;fadeInUp&quot;}\" data-widget_type=\"text-editor.default\">\n\t\t\t\t<div class=\"elementor-widget-container\">\n\t\t\t\t\t\t\t\t\tEncontre o produto perfeito abaixo!\t\t\t\t\t\t\t\t<\/div>\n\t\t\t\t<\/div>\n\t\t\t\t<section class=\"elementor-section elementor-inner-section elementor-element elementor-element-0786185 elementor-section-height-min-height elementor-section-boxed elementor-section-height-default\" data-id=\"0786185\" data-element_type=\"section\" data-e-type=\"section\">\n\t\t\t\t\t\t<div class=\"elementor-container elementor-column-gap-default\">\n\t\t\t\t\t<div class=\"elementor-column elementor-col-25 elementor-inner-column elementor-element elementor-element-1a7a575\" data-id=\"1a7a575\" data-element_type=\"column\" data-e-type=\"column\" data-settings=\"{&quot;background_background&quot;:&quot;classic&quot;}\">\n\t\t\t<div class=\"elementor-widget-wrap elementor-element-populated\">\n\t\t\t\t\t\t<div class=\"elementor-element elementor-element-79c182c elementor-widget elementor-widget-image\" data-id=\"79c182c\" data-element_type=\"widget\" data-e-type=\"widget\" data-widget_type=\"image.default\">\n\t\t\t\t<div class=\"elementor-widget-container\">\n\t\t\t\t\t\t\t\t\t\t\t\t\t\t\t<img fetchpriority=\"high\" decoding=\"async\" width=\"400\" height=\"400\" src=\"https:\/\/casaarmani.com.br\/wp-content\/uploads\/2022\/10\/HIDROREPELENTE.png\" class=\"attachment-full size-full wp-image-3833\" alt=\"\" srcset=\"https:\/\/casaarmani.com.br\/wp-content\/uploads\/2022\/10\/HIDROREPELENTE.png 400w, https:\/\/casaarmani.com.br\/wp-content\/uploads\/2022\/10\/HIDROREPELENTE-300x300.png 300w, https:\/\/casaarmani.com.br\/wp-content\/uploads\/2022\/10\/HIDROREPELENTE-150x150.png 150w\" sizes=\"(max-width: 400px) 100vw, 400px\" \/>\t\t\t\t\t\t\t\t\t\t\t\t\t\t\t<\/div>\n\t\t\t\t<\/div>\n\t\t\t\t<div class=\"elementor-element elementor-element-81c383c elementor-widget elementor-widget-heading\" data-id=\"81c383c\" data-element_type=\"widget\" data-e-type=\"widget\" data-widget_type=\"heading.default\">\n\t\t\t\t<div class=\"elementor-widget-container\">\n\t\t\t\t\t<h3 class=\"elementor-heading-title elementor-size-default\">REPELE \u00c1GUA<\/h3>\t\t\t\t<\/div>\n\t\t\t\t<\/div>\n\t\t\t\t<div class=\"elementor-element elementor-element-b96ca28 elementor-widget elementor-widget-text-editor\" data-id=\"b96ca28\" data-element_type=\"widget\" data-e-type=\"widget\" data-widget_type=\"text-editor.default\">\n\t\t\t\t<div class=\"elementor-widget-container\">\n\t\t\t\t\t\t\t\t\t<p>Hidrofugante de superf\u00edcie \u00e0 base de silano-siloxano disperso em \u00e1gua para fachadas&#8230;<\/p>\t\t\t\t\t\t\t\t<\/div>\n\t\t\t\t<\/div>\n\t\t\t\t<div class=\"elementor-element elementor-element-6b8b1ea elementor-align-justify elementor-widget elementor-widget-button\" data-id=\"6b8b1ea\" data-element_type=\"widget\" data-e-type=\"widget\" data-widget_type=\"button.default\">\n\t\t\t\t<div class=\"elementor-widget-container\">\n\t\t\t\t\t\t\t\t\t<div class=\"elementor-button-wrapper\">\n\t\t\t\t\t<a class=\"elementor-button elementor-button-link elementor-size-sm\" href=\"https:\/\/casaarmani.com.br\/index.php\/hidro-repelente\/repele-agua\/\">\n\t\t\t\t\t\t<span class=\"elementor-button-content-wrapper\">\n\t\t\t\t\t\t<span class=\"elementor-button-icon\">\n\t\t\t\t<svg aria-hidden=\"true\" class=\"e-font-icon-svg e-fas-angle-up\" viewBox=\"0 0 320 512\" xmlns=\"http:\/\/www.w3.org\/2000\/svg\"><path d=\"M177 159.7l136 136c9.4 9.4 9.4 24.6 0 33.9l-22.6 22.6c-9.4 9.4-24.6 9.4-33.9 0L160 255.9l-96.4 96.4c-9.4 9.4-24.6 9.4-33.9 0L7 329.7c-9.4-9.4-9.4-24.6 0-33.9l136-136c9.4-9.5 24.6-9.5 34-.1z\"><\/path><\/svg>\t\t\t<\/span>\n\t\t\t\t\t\t\t\t\t<span class=\"elementor-button-text\">Ver Produto<\/span>\n\t\t\t\t\t<\/span>\n\t\t\t\t\t<\/a>\n\t\t\t\t<\/div>\n\t\t\t\t\t\t\t\t<\/div>\n\t\t\t\t<\/div>\n\t\t\t\t\t<\/div>\n\t\t<\/div>\n\t\t\t\t<div class=\"elementor-column elementor-col-25 elementor-inner-column elementor-element elementor-element-36a299c\" data-id=\"36a299c\" data-element_type=\"column\" data-e-type=\"column\">\n\t\t\t<div class=\"elementor-widget-wrap\">\n\t\t\t\t\t\t\t<\/div>\n\t\t<\/div>\n\t\t\t\t<div class=\"elementor-column elementor-col-25 elementor-inner-column elementor-element elementor-element-43f5e83\" data-id=\"43f5e83\" data-element_type=\"column\" data-e-type=\"column\">\n\t\t\t<div class=\"elementor-widget-wrap\">\n\t\t\t\t\t\t\t<\/div>\n\t\t<\/div>\n\t\t\t\t<div class=\"elementor-column elementor-col-25 elementor-inner-column elementor-element elementor-element-3b69e89\" data-id=\"3b69e89\" data-element_type=\"column\" data-e-type=\"column\">\n\t\t\t<div class=\"elementor-widget-wrap\">\n\t\t\t\t\t\t\t<\/div>\n\t\t<\/div>\n\t\t\t\t\t<\/div>\n\t\t<\/section>\n\t\t\t\t\t<\/div>\n\t\t<\/div>\n\t\t\t\t\t<\/div>\n\t\t<\/section>\n\t\t\t\t<\/div>\n\t\t","protected":false},"excerpt":{"rendered":"<p>Hidro Repelente Encontre o produto perfeito abaixo! REPELE \u00c1GUA Hidrofugante de superf\u00edcie \u00e0 base de silano-siloxano disperso em \u00e1gua para fachadas&#8230; Ver Produto<\/p>\n","protected":false},"author":1,"featured_media":0,"parent":0,"menu_order":0,"comment_status":"closed","ping_status":"closed","template":"elementor_header_footer","meta":{"footnotes":""},"class_list":["post-1580","page","type-page","status-publish","hentry"],"yoast_head":"<!-- This site is optimized with the Yoast SEO plugin v27.2 - https:\/\/yoast.com\/product\/yoast-seo-wordpress\/ -->\n<title>HIDRO-REPELENTE - Casa Armani<\/title>\n<meta name=\"robots\" content=\"index, follow, max-snippet:-1, max-image-preview:large, max-video-preview:-1\" \/>\n<link rel=\"canonical\" href=\"https:\/\/casaarmani.com.br\/index.php\/hidro-repelente\/\" \/>\n<meta property=\"og:locale\" content=\"pt_BR\" \/>\n<meta property=\"og:type\" content=\"article\" \/>\n<meta property=\"og:title\" content=\"HIDRO-REPELENTE - Casa Armani\" \/>\n<meta property=\"og:description\" content=\"Hidro Repelente Encontre o produto perfeito abaixo! REPELE \u00c1GUA Hidrofugante de superf\u00edcie \u00e0 base de silano-siloxano disperso em \u00e1gua para fachadas&#8230; Ver Produto\" \/>\n<meta property=\"og:url\" content=\"https:\/\/casaarmani.com.br\/index.php\/hidro-repelente\/\" \/>\n<meta property=\"og:site_name\" content=\"Casa Armani\" \/>\n<meta property=\"article:publisher\" content=\"https:\/\/www.facebook.com\/casaarmani\" \/>\n<meta property=\"og:image\" content=\"https:\/\/casaarmani.com.br\/wp-content\/uploads\/2022\/10\/HIDROREPELENTE.png\" \/>\n\t<meta property=\"og:image:width\" content=\"400\" \/>\n\t<meta property=\"og:image:height\" content=\"400\" \/>\n\t<meta property=\"og:image:type\" content=\"image\/png\" \/>\n<meta name=\"twitter:card\" content=\"summary_large_image\" \/>\n<script type=\"application\/ld+json\" class=\"yoast-schema-graph\">{\"@context\":\"https:\/\/schema.org\",\"@graph\":[{\"@type\":\"WebPage\",\"@id\":\"https:\/\/casaarmani.com.br\/index.php\/hidro-repelente\/\",\"url\":\"https:\/\/casaarmani.com.br\/index.php\/hidro-repelente\/\",\"name\":\"HIDRO-REPELENTE - Casa Armani\",\"isPartOf\":{\"@id\":\"https:\/\/casaarmani.com.br\/#website\"},\"primaryImageOfPage\":{\"@id\":\"https:\/\/casaarmani.com.br\/index.php\/hidro-repelente\/#primaryimage\"},\"image\":{\"@id\":\"https:\/\/casaarmani.com.br\/index.php\/hidro-repelente\/#primaryimage\"},\"thumbnailUrl\":\"https:\/\/casaarmani.com.br\/wp-content\/uploads\/2022\/10\/HIDROREPELENTE.png\",\"datePublished\":\"2022-10-11T17:08:06+00:00\",\"breadcrumb\":{\"@id\":\"https:\/\/casaarmani.com.br\/index.php\/hidro-repelente\/#breadcrumb\"},\"inLanguage\":\"pt-BR\",\"potentialAction\":[{\"@type\":\"ReadAction\",\"target\":[\"https:\/\/casaarmani.com.br\/index.php\/hidro-repelente\/\"]}]},{\"@type\":\"ImageObject\",\"inLanguage\":\"pt-BR\",\"@id\":\"https:\/\/casaarmani.com.br\/index.php\/hidro-repelente\/#primaryimage\",\"url\":\"https:\/\/casaarmani.com.br\/wp-content\/uploads\/2022\/10\/HIDROREPELENTE.png\",\"contentUrl\":\"https:\/\/casaarmani.com.br\/wp-content\/uploads\/2022\/10\/HIDROREPELENTE.png\",\"width\":400,\"height\":400},{\"@type\":\"BreadcrumbList\",\"@id\":\"https:\/\/casaarmani.com.br\/index.php\/hidro-repelente\/#breadcrumb\",\"itemListElement\":[{\"@type\":\"ListItem\",\"position\":1,\"name\":\"In\u00edcio\",\"item\":\"https:\/\/casaarmani.com.br\/\"},{\"@type\":\"ListItem\",\"position\":2,\"name\":\"HIDRO-REPELENTE\"}]},{\"@type\":\"WebSite\",\"@id\":\"https:\/\/casaarmani.com.br\/#website\",\"url\":\"https:\/\/casaarmani.com.br\/\",\"name\":\"Casa Armani\",\"description\":\"Solu\u00e7\u00f5es Construtivas\",\"publisher\":{\"@id\":\"https:\/\/casaarmani.com.br\/#organization\"},\"potentialAction\":[{\"@type\":\"SearchAction\",\"target\":{\"@type\":\"EntryPoint\",\"urlTemplate\":\"https:\/\/casaarmani.com.br\/?s={search_term_string}\"},\"query-input\":{\"@type\":\"PropertyValueSpecification\",\"valueRequired\":true,\"valueName\":\"search_term_string\"}}],\"inLanguage\":\"pt-BR\"},{\"@type\":\"Organization\",\"@id\":\"https:\/\/casaarmani.com.br\/#organization\",\"name\":\"Casa Armani\",\"url\":\"https:\/\/casaarmani.com.br\/\",\"logo\":{\"@type\":\"ImageObject\",\"inLanguage\":\"pt-BR\",\"@id\":\"https:\/\/casaarmani.com.br\/#\/schema\/logo\/image\/\",\"url\":\"https:\/\/casaarmani.com.br\/wp-content\/uploads\/2022\/09\/favicon.png\",\"contentUrl\":\"https:\/\/casaarmani.com.br\/wp-content\/uploads\/2022\/09\/favicon.png\",\"width\":500,\"height\":500,\"caption\":\"Casa Armani\"},\"image\":{\"@id\":\"https:\/\/casaarmani.com.br\/#\/schema\/logo\/image\/\"},\"sameAs\":[\"https:\/\/www.facebook.com\/casaarmani\",\"https:\/\/www.instagram.com\/armanisolucoes\/\"]}]}<\/script>\n<!-- \/ Yoast SEO plugin. -->","yoast_head_json":{"title":"HIDRO-REPELENTE - Casa Armani","robots":{"index":"index","follow":"follow","max-snippet":"max-snippet:-1","max-image-preview":"max-image-preview:large","max-video-preview":"max-video-preview:-1"},"canonical":"https:\/\/casaarmani.com.br\/index.php\/hidro-repelente\/","og_locale":"pt_BR","og_type":"article","og_title":"HIDRO-REPELENTE - Casa Armani","og_description":"Hidro Repelente Encontre o produto perfeito abaixo! REPELE \u00c1GUA Hidrofugante de superf\u00edcie \u00e0 base de silano-siloxano disperso em \u00e1gua para fachadas&#8230; Ver Produto","og_url":"https:\/\/casaarmani.com.br\/index.php\/hidro-repelente\/","og_site_name":"Casa Armani","article_publisher":"https:\/\/www.facebook.com\/casaarmani","og_image":[{"width":400,"height":400,"url":"https:\/\/casaarmani.com.br\/wp-content\/uploads\/2022\/10\/HIDROREPELENTE.png","type":"image\/png"}],"twitter_card":"summary_large_image","schema":{"@context":"https:\/\/schema.org","@graph":[{"@type":"WebPage","@id":"https:\/\/casaarmani.com.br\/index.php\/hidro-repelente\/","url":"https:\/\/casaarmani.com.br\/index.php\/hidro-repelente\/","name":"HIDRO-REPELENTE - Casa Armani","isPartOf":{"@id":"https:\/\/casaarmani.com.br\/#website"},"primaryImageOfPage":{"@id":"https:\/\/casaarmani.com.br\/index.php\/hidro-repelente\/#primaryimage"},"image":{"@id":"https:\/\/casaarmani.com.br\/index.php\/hidro-repelente\/#primaryimage"},"thumbnailUrl":"https:\/\/casaarmani.com.br\/wp-content\/uploads\/2022\/10\/HIDROREPELENTE.png","datePublished":"2022-10-11T17:08:06+00:00","breadcrumb":{"@id":"https:\/\/casaarmani.com.br\/index.php\/hidro-repelente\/#breadcrumb"},"inLanguage":"pt-BR","potentialAction":[{"@type":"ReadAction","target":["https:\/\/casaarmani.com.br\/index.php\/hidro-repelente\/"]}]},{"@type":"ImageObject","inLanguage":"pt-BR","@id":"https:\/\/casaarmani.com.br\/index.php\/hidro-repelente\/#primaryimage","url":"https:\/\/casaarmani.com.br\/wp-content\/uploads\/2022\/10\/HIDROREPELENTE.png","contentUrl":"https:\/\/casaarmani.com.br\/wp-content\/uploads\/2022\/10\/HIDROREPELENTE.png","width":400,"height":400},{"@type":"BreadcrumbList","@id":"https:\/\/casaarmani.com.br\/index.php\/hidro-repelente\/#breadcrumb","itemListElement":[{"@type":"ListItem","position":1,"name":"In\u00edcio","item":"https:\/\/casaarmani.com.br\/"},{"@type":"ListItem","position":2,"name":"HIDRO-REPELENTE"}]},{"@type":"WebSite","@id":"https:\/\/casaarmani.com.br\/#website","url":"https:\/\/casaarmani.com.br\/","name":"Casa Armani","description":"Solu\u00e7\u00f5es Construtivas","publisher":{"@id":"https:\/\/casaarmani.com.br\/#organization"},"potentialAction":[{"@type":"SearchAction","target":{"@type":"EntryPoint","urlTemplate":"https:\/\/casaarmani.com.br\/?s={search_term_string}"},"query-input":{"@type":"PropertyValueSpecification","valueRequired":true,"valueName":"search_term_string"}}],"inLanguage":"pt-BR"},{"@type":"Organization","@id":"https:\/\/casaarmani.com.br\/#organization","name":"Casa Armani","url":"https:\/\/casaarmani.com.br\/","logo":{"@type":"ImageObject","inLanguage":"pt-BR","@id":"https:\/\/casaarmani.com.br\/#\/schema\/logo\/image\/","url":"https:\/\/casaarmani.com.br\/wp-content\/uploads\/2022\/09\/favicon.png","contentUrl":"https:\/\/casaarmani.com.br\/wp-content\/uploads\/2022\/09\/favicon.png","width":500,"height":500,"caption":"Casa Armani"},"image":{"@id":"https:\/\/casaarmani.com.br\/#\/schema\/logo\/image\/"},"sameAs":["https:\/\/www.facebook.com\/casaarmani","https:\/\/www.instagram.com\/armanisolucoes\/"]}]}},"_links":{"self":[{"href":"https:\/\/casaarmani.com.br\/index.php\/wp-json\/wp\/v2\/pages\/1580","targetHints":{"allow":["GET"]}}],"collection":[{"href":"https:\/\/casaarmani.com.br\/index.php\/wp-json\/wp\/v2\/pages"}],"about":[{"href":"https:\/\/casaarmani.com.br\/index.php\/wp-json\/wp\/v2\/types\/page"}],"author":[{"embeddable":true,"href":"https:\/\/casaarmani.com.br\/index.php\/wp-json\/wp\/v2\/users\/1"}],"replies":[{"embeddable":true,"href":"https:\/\/casaarmani.com.br\/index.php\/wp-json\/wp\/v2\/comments?post=1580"}],"version-history":[{"count":0,"href":"https:\/\/casaarmani.com.br\/index.php\/wp-json\/wp\/v2\/pages\/1580\/revisions"}],"wp:attachment":[{"href":"https:\/\/casaarmani.com.br\/index.php\/wp-json\/wp\/v2\/media?parent=1580"}],"curies":[{"name":"wp","href":"https:\/\/api.w.org\/{rel}","templated":true}]}}