{"id":1574,"date":"2022-10-11T14:07:27","date_gmt":"2022-10-11T17:07:27","guid":{"rendered":"https:\/\/casaarmani.mateusjiorgines.com.br\/?page_id=1574"},"modified":"2022-10-11T14:07:27","modified_gmt":"2022-10-11T17:07:27","slug":"espacadores-armaduras","status":"publish","type":"page","link":"https:\/\/casaarmani.com.br\/index.php\/espacadores-armaduras\/","title":{"rendered":"ESPA\u00c7ADORES ARMADURAS"},"content":{"rendered":"\t\t<div data-elementor-type=\"wp-page\" data-elementor-id=\"1574\" class=\"elementor elementor-1574\" data-elementor-post-type=\"page\">\n\t\t\t\t\t\t<section class=\"elementor-section elementor-top-section elementor-element elementor-element-ae6d097 elementor-section-boxed elementor-section-height-default elementor-section-height-default\" data-id=\"ae6d097\" data-element_type=\"section\" data-e-type=\"section\" data-settings=\"{&quot;background_background&quot;:&quot;classic&quot;}\">\n\t\t\t\t\t\t<div class=\"elementor-container elementor-column-gap-default\">\n\t\t\t\t\t<div class=\"elementor-column elementor-col-100 elementor-top-column elementor-element elementor-element-c2d048a\" data-id=\"c2d048a\" data-element_type=\"column\" data-e-type=\"column\">\n\t\t\t<div class=\"elementor-widget-wrap elementor-element-populated\">\n\t\t\t\t\t\t<div class=\"elementor-element elementor-element-78e48da elementor-invisible elementor-widget elementor-widget-heading\" data-id=\"78e48da\" data-element_type=\"widget\" data-e-type=\"widget\" data-settings=\"{&quot;_animation&quot;:&quot;fadeInUp&quot;}\" data-widget_type=\"heading.default\">\n\t\t\t\t<div class=\"elementor-widget-container\">\n\t\t\t\t\t<h1 class=\"elementor-heading-title elementor-size-default\">Espa\u00e7adores para Armaduras<\/h1>\t\t\t\t<\/div>\n\t\t\t\t<\/div>\n\t\t\t\t<div class=\"elementor-element elementor-element-509ba4a elementor-invisible elementor-widget elementor-widget-text-editor\" data-id=\"509ba4a\" data-element_type=\"widget\" data-e-type=\"widget\" data-settings=\"{&quot;_animation&quot;:&quot;fadeInUp&quot;}\" data-widget_type=\"text-editor.default\">\n\t\t\t\t<div class=\"elementor-widget-container\">\n\t\t\t\t\t\t\t\t\tEncontre o produto perfeito abaixo!\t\t\t\t\t\t\t\t<\/div>\n\t\t\t\t<\/div>\n\t\t\t\t<div class=\"elementor-element elementor-element-03f5f8a elementor-invisible elementor-widget elementor-widget-text-editor\" data-id=\"03f5f8a\" data-element_type=\"widget\" data-e-type=\"widget\" data-settings=\"{&quot;_animation&quot;:&quot;fadeInUp&quot;}\" data-widget_type=\"text-editor.default\">\n\t\t\t\t<div class=\"elementor-widget-container\">\n\t\t\t\t\t\t\t\t\t<p>N\u00c3O FOI POSS\u00cdVEL ACESSAR \u00c0S INFORMA\u00c7\u00d5ES DE CADA PRODUTO!<\/p>\t\t\t\t\t\t\t\t<\/div>\n\t\t\t\t<\/div>\n\t\t\t\t<section class=\"elementor-section elementor-inner-section elementor-element elementor-element-e5fb3ae elementor-section-height-min-height elementor-section-boxed elementor-section-height-default\" data-id=\"e5fb3ae\" data-element_type=\"section\" data-e-type=\"section\">\n\t\t\t\t\t\t<div class=\"elementor-container elementor-column-gap-default\">\n\t\t\t\t\t<div class=\"elementor-column elementor-col-25 elementor-inner-column elementor-element elementor-element-3236690\" data-id=\"3236690\" data-element_type=\"column\" data-e-type=\"column\" data-settings=\"{&quot;background_background&quot;:&quot;classic&quot;}\">\n\t\t\t<div class=\"elementor-widget-wrap elementor-element-populated\">\n\t\t\t\t\t\t<div class=\"elementor-element elementor-element-cc397c3 elementor-widget elementor-widget-image\" data-id=\"cc397c3\" data-element_type=\"widget\" data-e-type=\"widget\" data-widget_type=\"image.default\">\n\t\t\t\t<div class=\"elementor-widget-container\">\n\t\t\t\t\t\t\t\t\t\t\t\t\t\t\t<img fetchpriority=\"high\" decoding=\"async\" width=\"400\" height=\"400\" src=\"https:\/\/casaarmani.com.br\/wp-content\/uploads\/2022\/10\/CONE-DE-ENCOSTO.png\" class=\"attachment-full size-full wp-image-3694\" alt=\"\" srcset=\"https:\/\/casaarmani.com.br\/wp-content\/uploads\/2022\/10\/CONE-DE-ENCOSTO.png 400w, https:\/\/casaarmani.com.br\/wp-content\/uploads\/2022\/10\/CONE-DE-ENCOSTO-300x300.png 300w, https:\/\/casaarmani.com.br\/wp-content\/uploads\/2022\/10\/CONE-DE-ENCOSTO-150x150.png 150w\" sizes=\"(max-width: 400px) 100vw, 400px\" \/>\t\t\t\t\t\t\t\t\t\t\t\t\t\t\t<\/div>\n\t\t\t\t<\/div>\n\t\t\t\t<div class=\"elementor-element elementor-element-79672f0 elementor-widget elementor-widget-heading\" data-id=\"79672f0\" data-element_type=\"widget\" data-e-type=\"widget\" data-widget_type=\"heading.default\">\n\t\t\t\t<div class=\"elementor-widget-container\">\n\t\t\t\t\t<h3 class=\"elementor-heading-title elementor-size-default\">CONE DE ENCOSTO<\/h3>\t\t\t\t<\/div>\n\t\t\t\t<\/div>\n\t\t\t\t<div class=\"elementor-element elementor-element-157c0f4 elementor-widget elementor-widget-text-editor\" data-id=\"157c0f4\" data-element_type=\"widget\" data-e-type=\"widget\" data-widget_type=\"text-editor.default\">\n\t\t\t\t<div class=\"elementor-widget-container\">\n\t\t\t\t\t\t\t\t\t<p>Cone de encosto de veda\u00e7\u00e3o de bainhas protetoras de tirantes. Usados na estabiliza\u00e7\u00e3o&#8230;<\/p>\t\t\t\t\t\t\t\t<\/div>\n\t\t\t\t<\/div>\n\t\t\t\t<div class=\"elementor-element elementor-element-96ac45f elementor-align-justify elementor-widget elementor-widget-button\" data-id=\"96ac45f\" data-element_type=\"widget\" data-e-type=\"widget\" data-widget_type=\"button.default\">\n\t\t\t\t<div class=\"elementor-widget-container\">\n\t\t\t\t\t\t\t\t\t<div class=\"elementor-button-wrapper\">\n\t\t\t\t\t<a class=\"elementor-button elementor-button-link elementor-size-sm\" href=\"https:\/\/casaarmani.com.br\/index.php\/espacadores-armaduras\/cone-de-encosto\/\">\n\t\t\t\t\t\t<span class=\"elementor-button-content-wrapper\">\n\t\t\t\t\t\t<span class=\"elementor-button-icon\">\n\t\t\t\t<svg aria-hidden=\"true\" class=\"e-font-icon-svg e-fas-angle-up\" viewBox=\"0 0 320 512\" xmlns=\"http:\/\/www.w3.org\/2000\/svg\"><path d=\"M177 159.7l136 136c9.4 9.4 9.4 24.6 0 33.9l-22.6 22.6c-9.4 9.4-24.6 9.4-33.9 0L160 255.9l-96.4 96.4c-9.4 9.4-24.6 9.4-33.9 0L7 329.7c-9.4-9.4-9.4-24.6 0-33.9l136-136c9.4-9.5 24.6-9.5 34-.1z\"><\/path><\/svg>\t\t\t<\/span>\n\t\t\t\t\t\t\t\t\t<span class=\"elementor-button-text\">Ver Produto<\/span>\n\t\t\t\t\t<\/span>\n\t\t\t\t\t<\/a>\n\t\t\t\t<\/div>\n\t\t\t\t\t\t\t\t<\/div>\n\t\t\t\t<\/div>\n\t\t\t\t\t<\/div>\n\t\t<\/div>\n\t\t\t\t<div class=\"elementor-column elementor-col-25 elementor-inner-column elementor-element elementor-element-cdc3889\" data-id=\"cdc3889\" data-element_type=\"column\" data-e-type=\"column\" data-settings=\"{&quot;background_background&quot;:&quot;classic&quot;}\">\n\t\t\t<div class=\"elementor-widget-wrap elementor-element-populated\">\n\t\t\t\t\t\t<div class=\"elementor-element elementor-element-36a93ad elementor-widget elementor-widget-image\" data-id=\"36a93ad\" data-element_type=\"widget\" data-e-type=\"widget\" data-widget_type=\"image.default\">\n\t\t\t\t<div class=\"elementor-widget-container\">\n\t\t\t\t\t\t\t\t\t\t\t\t\t\t\t<img decoding=\"async\" width=\"400\" height=\"400\" src=\"https:\/\/casaarmani.com.br\/wp-content\/uploads\/2022\/10\/ESPACADOR-CIRCULAR.png\" class=\"attachment-full size-full wp-image-3691\" alt=\"\" srcset=\"https:\/\/casaarmani.com.br\/wp-content\/uploads\/2022\/10\/ESPACADOR-CIRCULAR.png 400w, https:\/\/casaarmani.com.br\/wp-content\/uploads\/2022\/10\/ESPACADOR-CIRCULAR-300x300.png 300w, https:\/\/casaarmani.com.br\/wp-content\/uploads\/2022\/10\/ESPACADOR-CIRCULAR-150x150.png 150w\" sizes=\"(max-width: 400px) 100vw, 400px\" \/>\t\t\t\t\t\t\t\t\t\t\t\t\t\t\t<\/div>\n\t\t\t\t<\/div>\n\t\t\t\t<div class=\"elementor-element elementor-element-acf20ea elementor-widget elementor-widget-heading\" data-id=\"acf20ea\" data-element_type=\"widget\" data-e-type=\"widget\" data-widget_type=\"heading.default\">\n\t\t\t\t<div class=\"elementor-widget-container\">\n\t\t\t\t\t<h3 class=\"elementor-heading-title elementor-size-default\">ESPA\u00c7ADOR CIRCULAR<\/h3>\t\t\t\t<\/div>\n\t\t\t\t<\/div>\n\t\t\t\t<div class=\"elementor-element elementor-element-3d3eff4 elementor-widget elementor-widget-text-editor\" data-id=\"3d3eff4\" data-element_type=\"widget\" data-e-type=\"widget\" data-widget_type=\"text-editor.default\">\n\t\t\t\t<div class=\"elementor-widget-container\">\n\t\t\t\t\t\t\t\t\t<p>Com perfil constru\u00eddo de maneira a diminuir o contato do mesmo com a f\u00f4rma e o encaixe de ferro&#8230;<\/p>\t\t\t\t\t\t\t\t<\/div>\n\t\t\t\t<\/div>\n\t\t\t\t<div class=\"elementor-element elementor-element-4a32a3b elementor-align-justify elementor-widget elementor-widget-button\" data-id=\"4a32a3b\" data-element_type=\"widget\" data-e-type=\"widget\" data-widget_type=\"button.default\">\n\t\t\t\t<div class=\"elementor-widget-container\">\n\t\t\t\t\t\t\t\t\t<div class=\"elementor-button-wrapper\">\n\t\t\t\t\t<a class=\"elementor-button elementor-button-link elementor-size-sm\" href=\"https:\/\/casaarmani.com.br\/index.php\/espacadores-armaduras\/espacador-circular\/\">\n\t\t\t\t\t\t<span class=\"elementor-button-content-wrapper\">\n\t\t\t\t\t\t<span class=\"elementor-button-icon\">\n\t\t\t\t<svg aria-hidden=\"true\" class=\"e-font-icon-svg e-fas-angle-up\" viewBox=\"0 0 320 512\" xmlns=\"http:\/\/www.w3.org\/2000\/svg\"><path d=\"M177 159.7l136 136c9.4 9.4 9.4 24.6 0 33.9l-22.6 22.6c-9.4 9.4-24.6 9.4-33.9 0L160 255.9l-96.4 96.4c-9.4 9.4-24.6 9.4-33.9 0L7 329.7c-9.4-9.4-9.4-24.6 0-33.9l136-136c9.4-9.5 24.6-9.5 34-.1z\"><\/path><\/svg>\t\t\t<\/span>\n\t\t\t\t\t\t\t\t\t<span class=\"elementor-button-text\">Ver Produto<\/span>\n\t\t\t\t\t<\/span>\n\t\t\t\t\t<\/a>\n\t\t\t\t<\/div>\n\t\t\t\t\t\t\t\t<\/div>\n\t\t\t\t<\/div>\n\t\t\t\t\t<\/div>\n\t\t<\/div>\n\t\t\t\t<div class=\"elementor-column elementor-col-25 elementor-inner-column elementor-element elementor-element-0a4234f\" data-id=\"0a4234f\" data-element_type=\"column\" data-e-type=\"column\" data-settings=\"{&quot;background_background&quot;:&quot;classic&quot;}\">\n\t\t\t<div class=\"elementor-widget-wrap elementor-element-populated\">\n\t\t\t\t\t\t<div class=\"elementor-element elementor-element-d578a52 elementor-widget elementor-widget-image\" data-id=\"d578a52\" data-element_type=\"widget\" data-e-type=\"widget\" data-widget_type=\"image.default\">\n\t\t\t\t<div class=\"elementor-widget-container\">\n\t\t\t\t\t\t\t\t\t\t\t\t\t\t\t<img decoding=\"async\" width=\"400\" height=\"400\" src=\"https:\/\/casaarmani.com.br\/wp-content\/uploads\/2022\/10\/PROTETOR-PA.png\" class=\"attachment-full size-full wp-image-3692\" alt=\"\" srcset=\"https:\/\/casaarmani.com.br\/wp-content\/uploads\/2022\/10\/PROTETOR-PA.png 400w, https:\/\/casaarmani.com.br\/wp-content\/uploads\/2022\/10\/PROTETOR-PA-300x300.png 300w, https:\/\/casaarmani.com.br\/wp-content\/uploads\/2022\/10\/PROTETOR-PA-150x150.png 150w\" sizes=\"(max-width: 400px) 100vw, 400px\" \/>\t\t\t\t\t\t\t\t\t\t\t\t\t\t\t<\/div>\n\t\t\t\t<\/div>\n\t\t\t\t<div class=\"elementor-element elementor-element-4128753 elementor-widget elementor-widget-heading\" data-id=\"4128753\" data-element_type=\"widget\" data-e-type=\"widget\" data-widget_type=\"heading.default\">\n\t\t\t\t<div class=\"elementor-widget-container\">\n\t\t\t\t\t<h3 class=\"elementor-heading-title elementor-size-default\">PROTETOR PA<\/h3>\t\t\t\t<\/div>\n\t\t\t\t<\/div>\n\t\t\t\t<div class=\"elementor-element elementor-element-9a55461 elementor-widget elementor-widget-text-editor\" data-id=\"9a55461\" data-element_type=\"widget\" data-e-type=\"widget\" data-widget_type=\"text-editor.default\">\n\t\t\t\t<div class=\"elementor-widget-container\">\n\t\t\t\t\t\t\t\t\t<p>Tenha seguran\u00e7a no trabalho utilizando o protetor de vergalh\u00e3o Jeruel. O \u00fanico que aloja ferro&#8230;<\/p>\t\t\t\t\t\t\t\t<\/div>\n\t\t\t\t<\/div>\n\t\t\t\t<div class=\"elementor-element elementor-element-5f7b4f0 elementor-align-justify elementor-widget elementor-widget-button\" data-id=\"5f7b4f0\" data-element_type=\"widget\" data-e-type=\"widget\" data-widget_type=\"button.default\">\n\t\t\t\t<div class=\"elementor-widget-container\">\n\t\t\t\t\t\t\t\t\t<div class=\"elementor-button-wrapper\">\n\t\t\t\t\t<a class=\"elementor-button elementor-button-link elementor-size-sm\" href=\"https:\/\/casaarmani.com.br\/index.php\/espacadores-armaduras\/protetor-pa\/\">\n\t\t\t\t\t\t<span class=\"elementor-button-content-wrapper\">\n\t\t\t\t\t\t<span class=\"elementor-button-icon\">\n\t\t\t\t<svg aria-hidden=\"true\" class=\"e-font-icon-svg e-fas-angle-up\" viewBox=\"0 0 320 512\" xmlns=\"http:\/\/www.w3.org\/2000\/svg\"><path d=\"M177 159.7l136 136c9.4 9.4 9.4 24.6 0 33.9l-22.6 22.6c-9.4 9.4-24.6 9.4-33.9 0L160 255.9l-96.4 96.4c-9.4 9.4-24.6 9.4-33.9 0L7 329.7c-9.4-9.4-9.4-24.6 0-33.9l136-136c9.4-9.5 24.6-9.5 34-.1z\"><\/path><\/svg>\t\t\t<\/span>\n\t\t\t\t\t\t\t\t\t<span class=\"elementor-button-text\">Ver Produto<\/span>\n\t\t\t\t\t<\/span>\n\t\t\t\t\t<\/a>\n\t\t\t\t<\/div>\n\t\t\t\t\t\t\t\t<\/div>\n\t\t\t\t<\/div>\n\t\t\t\t\t<\/div>\n\t\t<\/div>\n\t\t\t\t<div class=\"elementor-column elementor-col-25 elementor-inner-column elementor-element elementor-element-a3582ac\" data-id=\"a3582ac\" data-element_type=\"column\" data-e-type=\"column\" data-settings=\"{&quot;background_background&quot;:&quot;classic&quot;}\">\n\t\t\t<div class=\"elementor-widget-wrap elementor-element-populated\">\n\t\t\t\t\t\t<div class=\"elementor-element elementor-element-6d56b12 elementor-widget elementor-widget-image\" data-id=\"6d56b12\" data-element_type=\"widget\" data-e-type=\"widget\" data-widget_type=\"image.default\">\n\t\t\t\t<div class=\"elementor-widget-container\">\n\t\t\t\t\t\t\t\t\t\t\t\t\t\t\t<img loading=\"lazy\" decoding=\"async\" width=\"400\" height=\"400\" src=\"https:\/\/casaarmani.com.br\/wp-content\/uploads\/2022\/10\/PROTETOR-PV-1.png\" class=\"attachment-full size-full wp-image-3693\" alt=\"\" srcset=\"https:\/\/casaarmani.com.br\/wp-content\/uploads\/2022\/10\/PROTETOR-PV-1.png 400w, https:\/\/casaarmani.com.br\/wp-content\/uploads\/2022\/10\/PROTETOR-PV-1-300x300.png 300w, https:\/\/casaarmani.com.br\/wp-content\/uploads\/2022\/10\/PROTETOR-PV-1-150x150.png 150w\" sizes=\"(max-width: 400px) 100vw, 400px\" \/>\t\t\t\t\t\t\t\t\t\t\t\t\t\t\t<\/div>\n\t\t\t\t<\/div>\n\t\t\t\t<div class=\"elementor-element elementor-element-231e3dd elementor-widget elementor-widget-heading\" data-id=\"231e3dd\" data-element_type=\"widget\" data-e-type=\"widget\" data-widget_type=\"heading.default\">\n\t\t\t\t<div class=\"elementor-widget-container\">\n\t\t\t\t\t<h3 class=\"elementor-heading-title elementor-size-default\">PROTETOR PV<\/h3>\t\t\t\t<\/div>\n\t\t\t\t<\/div>\n\t\t\t\t<div class=\"elementor-element elementor-element-097e728 elementor-widget elementor-widget-text-editor\" data-id=\"097e728\" data-element_type=\"widget\" data-e-type=\"widget\" data-widget_type=\"text-editor.default\">\n\t\t\t\t<div class=\"elementor-widget-container\">\n\t\t\t\t\t\t\t\t\t<p>Tenha seguran\u00e7a no trabalho utilizando o protetor de vergalh\u00e3o Jeruel. O \u00fanico que aloja ferro at\u00e9 1&#8243;&#8230;<\/p>\t\t\t\t\t\t\t\t<\/div>\n\t\t\t\t<\/div>\n\t\t\t\t<div class=\"elementor-element elementor-element-cf5655c elementor-align-justify elementor-widget elementor-widget-button\" data-id=\"cf5655c\" data-element_type=\"widget\" data-e-type=\"widget\" data-widget_type=\"button.default\">\n\t\t\t\t<div class=\"elementor-widget-container\">\n\t\t\t\t\t\t\t\t\t<div class=\"elementor-button-wrapper\">\n\t\t\t\t\t<a class=\"elementor-button elementor-button-link elementor-size-sm\" href=\"https:\/\/casaarmani.com.br\/index.php\/espacadores-armaduras\/protetor-pv\/\">\n\t\t\t\t\t\t<span class=\"elementor-button-content-wrapper\">\n\t\t\t\t\t\t<span class=\"elementor-button-icon\">\n\t\t\t\t<svg aria-hidden=\"true\" class=\"e-font-icon-svg e-fas-angle-up\" viewBox=\"0 0 320 512\" xmlns=\"http:\/\/www.w3.org\/2000\/svg\"><path d=\"M177 159.7l136 136c9.4 9.4 9.4 24.6 0 33.9l-22.6 22.6c-9.4 9.4-24.6 9.4-33.9 0L160 255.9l-96.4 96.4c-9.4 9.4-24.6 9.4-33.9 0L7 329.7c-9.4-9.4-9.4-24.6 0-33.9l136-136c9.4-9.5 24.6-9.5 34-.1z\"><\/path><\/svg>\t\t\t<\/span>\n\t\t\t\t\t\t\t\t\t<span class=\"elementor-button-text\">Ver Produto<\/span>\n\t\t\t\t\t<\/span>\n\t\t\t\t\t<\/a>\n\t\t\t\t<\/div>\n\t\t\t\t\t\t\t\t<\/div>\n\t\t\t\t<\/div>\n\t\t\t\t\t<\/div>\n\t\t<\/div>\n\t\t\t\t\t<\/div>\n\t\t<\/section>\n\t\t\t\t\t<\/div>\n\t\t<\/div>\n\t\t\t\t\t<\/div>\n\t\t<\/section>\n\t\t\t\t<\/div>\n\t\t","protected":false},"excerpt":{"rendered":"<p>Espa\u00e7adores para Armaduras Encontre o produto perfeito abaixo! N\u00c3O FOI POSS\u00cdVEL ACESSAR \u00c0S INFORMA\u00c7\u00d5ES DE CADA PRODUTO! CONE DE ENCOSTO Cone de encosto de veda\u00e7\u00e3o de bainhas protetoras de tirantes. Usados na estabiliza\u00e7\u00e3o&#8230; Ver Produto ESPA\u00c7ADOR CIRCULAR Com perfil constru\u00eddo de maneira a diminuir o contato do mesmo com a f\u00f4rma e o encaixe de [&hellip;]<\/p>\n","protected":false},"author":1,"featured_media":0,"parent":0,"menu_order":0,"comment_status":"closed","ping_status":"closed","template":"elementor_header_footer","meta":{"footnotes":""},"class_list":["post-1574","page","type-page","status-publish","hentry"],"yoast_head":"<!-- This site is optimized with the Yoast SEO plugin v27.2 - https:\/\/yoast.com\/product\/yoast-seo-wordpress\/ -->\n<title>ESPA\u00c7ADORES ARMADURAS - Casa Armani<\/title>\n<meta name=\"robots\" content=\"index, follow, max-snippet:-1, max-image-preview:large, max-video-preview:-1\" \/>\n<link rel=\"canonical\" href=\"https:\/\/casaarmani.com.br\/index.php\/espacadores-armaduras\/\" \/>\n<meta property=\"og:locale\" content=\"pt_BR\" \/>\n<meta property=\"og:type\" content=\"article\" \/>\n<meta property=\"og:title\" content=\"ESPA\u00c7ADORES ARMADURAS - Casa Armani\" \/>\n<meta property=\"og:description\" content=\"Espa\u00e7adores para Armaduras Encontre o produto perfeito abaixo! N\u00c3O FOI POSS\u00cdVEL ACESSAR \u00c0S INFORMA\u00c7\u00d5ES DE CADA PRODUTO! CONE DE ENCOSTO Cone de encosto de veda\u00e7\u00e3o de bainhas protetoras de tirantes. Usados na estabiliza\u00e7\u00e3o&#8230; Ver Produto ESPA\u00c7ADOR CIRCULAR Com perfil constru\u00eddo de maneira a diminuir o contato do mesmo com a f\u00f4rma e o encaixe de [&hellip;]\" \/>\n<meta property=\"og:url\" content=\"https:\/\/casaarmani.com.br\/index.php\/espacadores-armaduras\/\" \/>\n<meta property=\"og:site_name\" content=\"Casa Armani\" \/>\n<meta property=\"article:publisher\" content=\"https:\/\/www.facebook.com\/casaarmani\" \/>\n<meta property=\"og:image\" content=\"https:\/\/casaarmani.com.br\/wp-content\/uploads\/2022\/10\/CONE-DE-ENCOSTO.png\" \/>\n\t<meta property=\"og:image:width\" content=\"400\" \/>\n\t<meta property=\"og:image:height\" content=\"400\" \/>\n\t<meta property=\"og:image:type\" content=\"image\/png\" \/>\n<meta name=\"twitter:card\" content=\"summary_large_image\" \/>\n<meta name=\"twitter:label1\" content=\"Est. tempo de leitura\" \/>\n\t<meta name=\"twitter:data1\" content=\"1 minuto\" \/>\n<script type=\"application\/ld+json\" class=\"yoast-schema-graph\">{\"@context\":\"https:\/\/schema.org\",\"@graph\":[{\"@type\":\"WebPage\",\"@id\":\"https:\/\/casaarmani.com.br\/index.php\/espacadores-armaduras\/\",\"url\":\"https:\/\/casaarmani.com.br\/index.php\/espacadores-armaduras\/\",\"name\":\"ESPA\u00c7ADORES ARMADURAS - Casa Armani\",\"isPartOf\":{\"@id\":\"https:\/\/casaarmani.com.br\/#website\"},\"primaryImageOfPage\":{\"@id\":\"https:\/\/casaarmani.com.br\/index.php\/espacadores-armaduras\/#primaryimage\"},\"image\":{\"@id\":\"https:\/\/casaarmani.com.br\/index.php\/espacadores-armaduras\/#primaryimage\"},\"thumbnailUrl\":\"https:\/\/casaarmani.com.br\/wp-content\/uploads\/2022\/10\/CONE-DE-ENCOSTO.png\",\"datePublished\":\"2022-10-11T17:07:27+00:00\",\"breadcrumb\":{\"@id\":\"https:\/\/casaarmani.com.br\/index.php\/espacadores-armaduras\/#breadcrumb\"},\"inLanguage\":\"pt-BR\",\"potentialAction\":[{\"@type\":\"ReadAction\",\"target\":[\"https:\/\/casaarmani.com.br\/index.php\/espacadores-armaduras\/\"]}]},{\"@type\":\"ImageObject\",\"inLanguage\":\"pt-BR\",\"@id\":\"https:\/\/casaarmani.com.br\/index.php\/espacadores-armaduras\/#primaryimage\",\"url\":\"https:\/\/casaarmani.com.br\/wp-content\/uploads\/2022\/10\/CONE-DE-ENCOSTO.png\",\"contentUrl\":\"https:\/\/casaarmani.com.br\/wp-content\/uploads\/2022\/10\/CONE-DE-ENCOSTO.png\",\"width\":400,\"height\":400},{\"@type\":\"BreadcrumbList\",\"@id\":\"https:\/\/casaarmani.com.br\/index.php\/espacadores-armaduras\/#breadcrumb\",\"itemListElement\":[{\"@type\":\"ListItem\",\"position\":1,\"name\":\"In\u00edcio\",\"item\":\"https:\/\/casaarmani.com.br\/\"},{\"@type\":\"ListItem\",\"position\":2,\"name\":\"ESPA\u00c7ADORES ARMADURAS\"}]},{\"@type\":\"WebSite\",\"@id\":\"https:\/\/casaarmani.com.br\/#website\",\"url\":\"https:\/\/casaarmani.com.br\/\",\"name\":\"Casa Armani\",\"description\":\"Solu\u00e7\u00f5es Construtivas\",\"publisher\":{\"@id\":\"https:\/\/casaarmani.com.br\/#organization\"},\"potentialAction\":[{\"@type\":\"SearchAction\",\"target\":{\"@type\":\"EntryPoint\",\"urlTemplate\":\"https:\/\/casaarmani.com.br\/?s={search_term_string}\"},\"query-input\":{\"@type\":\"PropertyValueSpecification\",\"valueRequired\":true,\"valueName\":\"search_term_string\"}}],\"inLanguage\":\"pt-BR\"},{\"@type\":\"Organization\",\"@id\":\"https:\/\/casaarmani.com.br\/#organization\",\"name\":\"Casa Armani\",\"url\":\"https:\/\/casaarmani.com.br\/\",\"logo\":{\"@type\":\"ImageObject\",\"inLanguage\":\"pt-BR\",\"@id\":\"https:\/\/casaarmani.com.br\/#\/schema\/logo\/image\/\",\"url\":\"https:\/\/casaarmani.com.br\/wp-content\/uploads\/2022\/09\/favicon.png\",\"contentUrl\":\"https:\/\/casaarmani.com.br\/wp-content\/uploads\/2022\/09\/favicon.png\",\"width\":500,\"height\":500,\"caption\":\"Casa Armani\"},\"image\":{\"@id\":\"https:\/\/casaarmani.com.br\/#\/schema\/logo\/image\/\"},\"sameAs\":[\"https:\/\/www.facebook.com\/casaarmani\",\"https:\/\/www.instagram.com\/armanisolucoes\/\"]}]}<\/script>\n<!-- \/ Yoast SEO plugin. -->","yoast_head_json":{"title":"ESPA\u00c7ADORES ARMADURAS - Casa Armani","robots":{"index":"index","follow":"follow","max-snippet":"max-snippet:-1","max-image-preview":"max-image-preview:large","max-video-preview":"max-video-preview:-1"},"canonical":"https:\/\/casaarmani.com.br\/index.php\/espacadores-armaduras\/","og_locale":"pt_BR","og_type":"article","og_title":"ESPA\u00c7ADORES ARMADURAS - Casa Armani","og_description":"Espa\u00e7adores para Armaduras Encontre o produto perfeito abaixo! N\u00c3O FOI POSS\u00cdVEL ACESSAR \u00c0S INFORMA\u00c7\u00d5ES DE CADA PRODUTO! CONE DE ENCOSTO Cone de encosto de veda\u00e7\u00e3o de bainhas protetoras de tirantes. Usados na estabiliza\u00e7\u00e3o&#8230; Ver Produto ESPA\u00c7ADOR CIRCULAR Com perfil constru\u00eddo de maneira a diminuir o contato do mesmo com a f\u00f4rma e o encaixe de [&hellip;]","og_url":"https:\/\/casaarmani.com.br\/index.php\/espacadores-armaduras\/","og_site_name":"Casa Armani","article_publisher":"https:\/\/www.facebook.com\/casaarmani","og_image":[{"width":400,"height":400,"url":"https:\/\/casaarmani.com.br\/wp-content\/uploads\/2022\/10\/CONE-DE-ENCOSTO.png","type":"image\/png"}],"twitter_card":"summary_large_image","twitter_misc":{"Est. tempo de leitura":"1 minuto"},"schema":{"@context":"https:\/\/schema.org","@graph":[{"@type":"WebPage","@id":"https:\/\/casaarmani.com.br\/index.php\/espacadores-armaduras\/","url":"https:\/\/casaarmani.com.br\/index.php\/espacadores-armaduras\/","name":"ESPA\u00c7ADORES ARMADURAS - Casa Armani","isPartOf":{"@id":"https:\/\/casaarmani.com.br\/#website"},"primaryImageOfPage":{"@id":"https:\/\/casaarmani.com.br\/index.php\/espacadores-armaduras\/#primaryimage"},"image":{"@id":"https:\/\/casaarmani.com.br\/index.php\/espacadores-armaduras\/#primaryimage"},"thumbnailUrl":"https:\/\/casaarmani.com.br\/wp-content\/uploads\/2022\/10\/CONE-DE-ENCOSTO.png","datePublished":"2022-10-11T17:07:27+00:00","breadcrumb":{"@id":"https:\/\/casaarmani.com.br\/index.php\/espacadores-armaduras\/#breadcrumb"},"inLanguage":"pt-BR","potentialAction":[{"@type":"ReadAction","target":["https:\/\/casaarmani.com.br\/index.php\/espacadores-armaduras\/"]}]},{"@type":"ImageObject","inLanguage":"pt-BR","@id":"https:\/\/casaarmani.com.br\/index.php\/espacadores-armaduras\/#primaryimage","url":"https:\/\/casaarmani.com.br\/wp-content\/uploads\/2022\/10\/CONE-DE-ENCOSTO.png","contentUrl":"https:\/\/casaarmani.com.br\/wp-content\/uploads\/2022\/10\/CONE-DE-ENCOSTO.png","width":400,"height":400},{"@type":"BreadcrumbList","@id":"https:\/\/casaarmani.com.br\/index.php\/espacadores-armaduras\/#breadcrumb","itemListElement":[{"@type":"ListItem","position":1,"name":"In\u00edcio","item":"https:\/\/casaarmani.com.br\/"},{"@type":"ListItem","position":2,"name":"ESPA\u00c7ADORES ARMADURAS"}]},{"@type":"WebSite","@id":"https:\/\/casaarmani.com.br\/#website","url":"https:\/\/casaarmani.com.br\/","name":"Casa Armani","description":"Solu\u00e7\u00f5es Construtivas","publisher":{"@id":"https:\/\/casaarmani.com.br\/#organization"},"potentialAction":[{"@type":"SearchAction","target":{"@type":"EntryPoint","urlTemplate":"https:\/\/casaarmani.com.br\/?s={search_term_string}"},"query-input":{"@type":"PropertyValueSpecification","valueRequired":true,"valueName":"search_term_string"}}],"inLanguage":"pt-BR"},{"@type":"Organization","@id":"https:\/\/casaarmani.com.br\/#organization","name":"Casa Armani","url":"https:\/\/casaarmani.com.br\/","logo":{"@type":"ImageObject","inLanguage":"pt-BR","@id":"https:\/\/casaarmani.com.br\/#\/schema\/logo\/image\/","url":"https:\/\/casaarmani.com.br\/wp-content\/uploads\/2022\/09\/favicon.png","contentUrl":"https:\/\/casaarmani.com.br\/wp-content\/uploads\/2022\/09\/favicon.png","width":500,"height":500,"caption":"Casa Armani"},"image":{"@id":"https:\/\/casaarmani.com.br\/#\/schema\/logo\/image\/"},"sameAs":["https:\/\/www.facebook.com\/casaarmani","https:\/\/www.instagram.com\/armanisolucoes\/"]}]}},"_links":{"self":[{"href":"https:\/\/casaarmani.com.br\/index.php\/wp-json\/wp\/v2\/pages\/1574","targetHints":{"allow":["GET"]}}],"collection":[{"href":"https:\/\/casaarmani.com.br\/index.php\/wp-json\/wp\/v2\/pages"}],"about":[{"href":"https:\/\/casaarmani.com.br\/index.php\/wp-json\/wp\/v2\/types\/page"}],"author":[{"embeddable":true,"href":"https:\/\/casaarmani.com.br\/index.php\/wp-json\/wp\/v2\/users\/1"}],"replies":[{"embeddable":true,"href":"https:\/\/casaarmani.com.br\/index.php\/wp-json\/wp\/v2\/comments?post=1574"}],"version-history":[{"count":0,"href":"https:\/\/casaarmani.com.br\/index.php\/wp-json\/wp\/v2\/pages\/1574\/revisions"}],"wp:attachment":[{"href":"https:\/\/casaarmani.com.br\/index.php\/wp-json\/wp\/v2\/media?parent=1574"}],"curies":[{"name":"wp","href":"https:\/\/api.w.org\/{rel}","templated":true}]}}